{"id":1354,"date":"2023-05-03T18:01:02","date_gmt":"2023-05-03T18:01:02","guid":{"rendered":"https:\/\/lp.stitcloud.com\/?page_id=1354"},"modified":"2025-07-12T12:19:14","modified_gmt":"2025-07-12T12:19:14","slug":"carreiras","status":"publish","type":"page","link":"http:\/\/www.stitcloud.com\/es\/carreiras\/","title":{"rendered":"carreras"},"content":{"rendered":"<div data-elementor-type=\"wp-page\" data-elementor-id=\"1354\" class=\"elementor elementor-1354\" data-elementor-post-type=\"page\">\n\t\t\t\t<div class=\"elementor-element elementor-element-6ed6dac e-con-full e-flex e-con e-parent\" data-id=\"6ed6dac\" data-element_type=\"container\" data-e-type=\"container\" data-settings=\"{&quot;background_background&quot;:&quot;classic&quot;}\">\n\t\t<div class=\"elementor-element elementor-element-21aec1a e-con-full e-flex e-con e-child\" data-id=\"21aec1a\" data-element_type=\"container\" data-e-type=\"container\">\n\t\t\t\t<div class=\"elementor-element elementor-element-05c417f elementor-invisible elementor-widget elementor-widget-heading\" data-id=\"05c417f\" data-element_type=\"widget\" data-e-type=\"widget\" data-settings=\"{&quot;_animation&quot;:&quot;fadeIn&quot;,&quot;_animation_delay&quot;:200}\" data-widget_type=\"heading.default\">\n\t\t\t\t<div class=\"elementor-widget-container\">\n\t\t\t\t\t<h1 class=\"elementor-heading-title elementor-size-default\">Carreras en ST IT Cloud<\/h1>\t\t\t\t<\/div>\n\t\t\t\t<\/div>\n\t\t\t\t<\/div>\n\t\t\t\t<\/div>\n\t\t<div class=\"elementor-element elementor-element-781faca e-con-full e-flex e-con e-parent\" data-id=\"781faca\" data-element_type=\"container\" data-e-type=\"container\">\n\t\t\t\t<div class=\"elementor-element elementor-element-397c835 elementor-widget__width-initial elementor-widget-mobile__width-initial elementor-widget elementor-widget-heading\" data-id=\"397c835\" data-element_type=\"widget\" data-e-type=\"widget\" data-widget_type=\"heading.default\">\n\t\t\t\t<div class=\"elementor-widget-container\">\n\t\t\t\t\t<h2 class=\"elementor-heading-title elementor-size-default\">\u00danete a  <span>#TEAMSTIT<\/span><\/h2>\t\t\t\t<\/div>\n\t\t\t\t<\/div>\n\t\t\t\t<div class=\"elementor-element elementor-element-684f831 elementor-widget__width-initial elementor-widget elementor-widget-text-editor\" data-id=\"684f831\" data-element_type=\"widget\" data-e-type=\"widget\" data-widget_type=\"text-editor.default\">\n\t\t\t\t<div class=\"elementor-widget-container\">\n\t\t\t\t\t\t\t\t\t<p>Candidate-se agora mesmo!<\/p><p><strong>rh@stitcloud.com<\/strong> <img decoding=\"async\" class=\"emoji\" role=\"img\" draggable=\"false\" src=\"https:\/\/s.w.org\/images\/core\/emoji\/14.0.0\/svg\/1f4bb.svg\" alt=\"\ud83d\udcbb\" \/><img decoding=\"async\" class=\"emoji\" role=\"img\" draggable=\"false\" src=\"https:\/\/s.w.org\/images\/core\/emoji\/14.0.0\/svg\/1f680.svg\" alt=\"\ud83d\ude80\" \/><\/p>\t\t\t\t\t\t\t\t<\/div>\n\t\t\t\t<\/div>\n\t\t\t\t<div class=\"elementor-element elementor-element-cfde50e elementor-widget__width-initial elementor-widget elementor-widget-text-editor\" data-id=\"cfde50e\" data-element_type=\"widget\" data-e-type=\"widget\" data-widget_type=\"text-editor.default\">\n\t\t\t\t<div class=\"elementor-widget-container\">\n\t\t\t\t\t\t\t\t\t<p>\u00bfTe apasiona la tecnolog\u00eda, te encantan los desaf\u00edos y buscas constantemente nuevas oportunidades de crecimiento profesional? \u00a1Esta es tu oportunidad de ser parte de un equipo apasionado, enfocado y decidido para transformar empresas y generar resultados!<\/p>\t\t\t\t\t\t\t\t<\/div>\n\t\t\t\t<\/div>\n\t\t\t\t<div class=\"elementor-element elementor-element-4eebd6c elementor-widget__width-initial elementor-widget elementor-widget-text-editor\" data-id=\"4eebd6c\" data-element_type=\"widget\" data-e-type=\"widget\" data-widget_type=\"text-editor.default\">\n\t\t\t\t<div class=\"elementor-widget-container\">\n\t\t\t\t\t\t\t\t\t<h3><strong>\u00bfPor qu\u00e9 unirse a nosotros?\u00a0<\/strong><span style=\"font-family: 'Segoe UI Emoji';\"><img decoding=\"async\" class=\"emoji\" role=\"img\" draggable=\"false\" src=\"https:\/\/s.w.org\/images\/core\/emoji\/14.0.0\/svg\/1f3af.svg\" alt=\"\ud83c\udfaf\" \/><\/span><\/h3><p>ST IT Cloud ofrece un entorno de trabajo desafiante donde se valora la innovaci\u00f3n y sus ideas pueden marcar la diferencia. Adem\u00e1s, tendr\u00e1s la oportunidad de:<\/p><p><img decoding=\"async\" class=\"emoji\" role=\"img\" draggable=\"false\" src=\"https:\/\/s.w.org\/images\/core\/emoji\/14.0.0\/svg\/2705.svg\" alt=\"\u2705\" \/>\u00a0 Trabaja en proyectos con las tecnolog\u00edas m\u00e1s recientes.<br \/><img decoding=\"async\" class=\"emoji\" role=\"img\" draggable=\"false\" src=\"https:\/\/s.w.org\/images\/core\/emoji\/14.0.0\/svg\/2705.svg\" alt=\"\u2705\" \/>\u00a0 Crece profesionalmente y expande tus habilidades en un entorno colaborativo.<br \/><img decoding=\"async\" class=\"emoji\" role=\"img\" draggable=\"false\" src=\"https:\/\/s.w.org\/images\/core\/emoji\/14.0.0\/svg\/2705.svg\" alt=\"\u2705\" \/>\u00a0 Forma parte de un equipo apasionado por la tecnolog\u00eda y enfocado en resultados.<br \/><img decoding=\"async\" class=\"emoji\" role=\"img\" draggable=\"false\" src=\"https:\/\/s.w.org\/images\/core\/emoji\/14.0.0\/svg\/2705.svg\" alt=\"\u2705\" \/>\u00a0 Desarrollo de habilidades como resoluci\u00f3n de problemas, esp\u00edritu de liderazgo y comunicaci\u00f3n.<br \/><img decoding=\"async\" class=\"emoji\" role=\"img\" draggable=\"false\" src=\"https:\/\/s.w.org\/images\/core\/emoji\/14.0.0\/svg\/2705.svg\" alt=\"\u2705\" \/>\u00a0 plan de carrera estructurado<\/p>\t\t\t\t\t\t\t\t<\/div>\n\t\t\t\t<\/div>\n\t\t\t\t<\/div>\n\t\t<div class=\"elementor-element elementor-element-06cd8ea e-flex e-con-boxed e-con e-parent\" data-id=\"06cd8ea\" data-element_type=\"container\" data-e-type=\"container\" data-settings=\"{&quot;background_background&quot;:&quot;classic&quot;}\">\n\t\t\t\t\t<div class=\"e-con-inner\">\n\t\t\t\t<div class=\"elementor-element elementor-element-55b1770 elementor-widget__width-initial elementor-widget elementor-widget-heading\" data-id=\"55b1770\" data-element_type=\"widget\" data-e-type=\"widget\" data-widget_type=\"heading.default\">\n\t\t\t\t<div class=\"elementor-widget-container\">\n\t\t\t\t\t<h3 class=\"elementor-heading-title elementor-size-default\">\u00bfQu\u00e9 esperamos?\n<\/h3>\t\t\t\t<\/div>\n\t\t\t\t<\/div>\n\t\t\t\t<div class=\"elementor-element elementor-element-95c61fb elementor-widget elementor-widget-text-editor\" data-id=\"95c61fb\" data-element_type=\"widget\" data-e-type=\"widget\" data-widget_type=\"text-editor.default\">\n\t\t\t\t<div class=\"elementor-widget-container\">\n\t\t\t\t\t\t\t\t\t<p>\u00a1Garra para superar obst\u00e1culos, superar barreras e ir m\u00e1s all\u00e1!<\/p><p>Venga a crecer con ST IT Cloud<\/p>\t\t\t\t\t\t\t\t<\/div>\n\t\t\t\t<\/div>\n\t\t\t\t\t<\/div>\n\t\t\t\t<\/div>\n\t\t<div class=\"elementor-element elementor-element-97df4e1 e-flex e-con-boxed e-con e-parent\" data-id=\"97df4e1\" data-element_type=\"container\" data-e-type=\"container\" data-settings=\"{&quot;background_background&quot;:&quot;classic&quot;}\">\n\t\t\t\t\t<div class=\"e-con-inner\">\n\t\t\t\t<div class=\"elementor-element elementor-element-58a150c elementor-widget__width-initial elementor-invisible elementor-widget elementor-widget-heading\" data-id=\"58a150c\" data-element_type=\"widget\" data-e-type=\"widget\" data-settings=\"{&quot;_animation&quot;:&quot;fadeIn&quot;,&quot;_animation_delay&quot;:200}\" data-widget_type=\"heading.default\">\n\t\t\t\t<div class=\"elementor-widget-container\">\n\t\t\t\t\t<h3 class=\"elementor-heading-title elementor-size-default\">\u201cVivimos hoy lo que el mercado proyecta para el futuro\u201d<\/h3>\t\t\t\t<\/div>\n\t\t\t\t<\/div>\n\t\t\t\t<div class=\"elementor-element elementor-element-6bbf1c2 elementor-widget elementor-widget-text-editor\" data-id=\"6bbf1c2\" data-element_type=\"widget\" data-e-type=\"widget\" data-widget_type=\"text-editor.default\">\n\t\t\t\t<div class=\"elementor-widget-container\">\n\t\t\t\t\t\t\t\t\t<p>Maur\u00edcio Carvalho, CEO<\/p>\t\t\t\t\t\t\t\t<\/div>\n\t\t\t\t<\/div>\n\t\t\t\t\t<\/div>\n\t\t\t\t<\/div>\n\t\t<div class=\"elementor-element elementor-element-87fc0f9 e-flex e-con-boxed e-con e-parent\" data-id=\"87fc0f9\" data-element_type=\"container\" data-e-type=\"container\">\n\t\t\t\t\t<div class=\"e-con-inner\">\n\t\t\t\t<div class=\"elementor-element elementor-element-207f7fd elementor-widget__width-initial elementor-widget elementor-widget-heading\" data-id=\"207f7fd\" data-element_type=\"widget\" data-e-type=\"widget\" data-widget_type=\"heading.default\">\n\t\t\t\t<div class=\"elementor-widget-container\">\n\t\t\t\t\t<h2 class=\"elementor-heading-title elementor-size-default\">Lo que dice nuestro equipo<\/h2>\t\t\t\t<\/div>\n\t\t\t\t<\/div>\n\t\t\t\t<div class=\"elementor-element elementor-element-0f4d05f elementor-testimonial--layout-image_above elementor-testimonial--skin-default elementor-testimonial--align-center elementor-pagination-type-bullets elementor-widget elementor-widget-testimonial-carousel\" data-id=\"0f4d05f\" data-element_type=\"widget\" data-e-type=\"widget\" data-settings=\"{&quot;slides_per_view&quot;:&quot;3&quot;,&quot;slides_to_scroll&quot;:&quot;2&quot;,&quot;space_between&quot;:{&quot;unit&quot;:&quot;px&quot;,&quot;size&quot;:30,&quot;sizes&quot;:[]},&quot;slides_per_view_mobile&quot;:&quot;1&quot;,&quot;pagination&quot;:&quot;bullets&quot;,&quot;speed&quot;:500,&quot;autoplay&quot;:&quot;yes&quot;,&quot;autoplay_speed&quot;:5000,&quot;loop&quot;:&quot;yes&quot;,&quot;pause_on_hover&quot;:&quot;yes&quot;,&quot;pause_on_interaction&quot;:&quot;yes&quot;,&quot;space_between_widescreen&quot;:{&quot;unit&quot;:&quot;px&quot;,&quot;size&quot;:10,&quot;sizes&quot;:[]},&quot;space_between_tablet&quot;:{&quot;unit&quot;:&quot;px&quot;,&quot;size&quot;:10,&quot;sizes&quot;:[]},&quot;space_between_mobile_extra&quot;:{&quot;unit&quot;:&quot;px&quot;,&quot;size&quot;:10,&quot;sizes&quot;:[]},&quot;space_between_mobile&quot;:{&quot;unit&quot;:&quot;px&quot;,&quot;size&quot;:10,&quot;sizes&quot;:[]}}\" data-widget_type=\"testimonial-carousel.default\">\n\t\t\t\t<div class=\"elementor-widget-container\">\n\t\t\t\t\t\t\t\t\t<div class=\"elementor-swiper\">\r\n\t\t\t\t\t<div class=\"elementor-main-swiper swiper\" role=\"region\" aria-roledescription=\"carousel\" aria-label=\"Slides\">\r\n\t\t\t\t<div class=\"swiper-wrapper\">\r\n\t\t\t\t\t\t\t\t\t\t\t<div class=\"swiper-slide\" role=\"group\" aria-roledescription=\"slide\">\r\n\t\t\t\t\t\t\t\t\t<div class=\"elementor-testimonial\">\r\n\t\t\t\t\t\t\t<div class=\"elementor-testimonial__content\">\r\n\t\t\t\t\t<div class=\"elementor-testimonial__text\">\r\n\t\t\t\t\t\t\u201cUna de las cosas que m\u00e1s me hace feliz de ser parte del equipo de TI de ST es la confianza y el apoyo que recibo diariamente de todo el equipo. Adem\u00e1s, saber que la empresa crea un entorno tan colaborativo y emocionante me motiva cada vez m\u00e1s a buscar lo mejor para el equipo y para m\u00ed. \u201d\t\t\t\t\t<\/div>\r\n\t\t\t\t\t<cite class=\"elementor-testimonial__cite\"><span class=\"elementor-testimonial__name\">Gabs<\/span><span class=\"elementor-testimonial__title\">debe<\/span><\/cite>\t\t\t\t<\/div>\r\n\t\t\t\t\t\t<div class=\"elementor-testimonial__footer\">\r\n\t\t\t\t\t\t\t\t\t<div class=\"elementor-testimonial__image\">\r\n\t\t\t\t\t\t<img decoding=\"async\" src=\"https:\/\/www.stitcloud.com\/wp-content\/uploads\/2023\/05\/gabs-1.png\" alt=\"Gabs\">\r\n\t\t\t\t\t\t\t\t\t\t\t<\/div>\r\n\t\t\t\t\t\t\t\t\t\t\t<\/div>\r\n\t\t<\/div>\r\n\t\t\t\t\t\t\t\t<\/div>\r\n\t\t\t\t\t\t\t\t\t\t\t<div class=\"swiper-slide\" role=\"group\" aria-roledescription=\"slide\">\r\n\t\t\t\t\t\t\t\t\t<div class=\"elementor-testimonial\">\r\n\t\t\t\t\t\t\t<div class=\"elementor-testimonial__content\">\r\n\t\t\t\t\t<div class=\"elementor-testimonial__text\">\r\n\t\t\t\t\t\t\u201cMe gusta trabajar en ST IT por la autonom\u00eda, el trabajo y la toma de decisiones que tenemos, y el conocimiento que se adquiere, lo que me convierte en un profesional tecnol\u00f3gico cada vez m\u00e1s consultivo, y que me reta a un crecimiento constante\u201d.\t\t\t\t\t<\/div>\r\n\t\t\t\t\t<cite class=\"elementor-testimonial__cite\"><span class=\"elementor-testimonial__name\">wil<\/span><span class=\"elementor-testimonial__title\">Gerente de cuentas<\/span><\/cite>\t\t\t\t<\/div>\r\n\t\t\t\t\t\t<div class=\"elementor-testimonial__footer\">\r\n\t\t\t\t\t\t\t\t\t<div class=\"elementor-testimonial__image\">\r\n\t\t\t\t\t\t<img decoding=\"async\" src=\"https:\/\/www.stitcloud.com\/wp-content\/uploads\/2023\/05\/gabs-1-1.png\" alt=\"Wil\">\r\n\t\t\t\t\t\t\t\t\t\t\t<\/div>\r\n\t\t\t\t\t\t\t\t\t\t\t<\/div>\r\n\t\t<\/div>\r\n\t\t\t\t\t\t\t\t<\/div>\r\n\t\t\t\t\t\t\t\t\t\t\t<div class=\"swiper-slide\" role=\"group\" aria-roledescription=\"slide\">\r\n\t\t\t\t\t\t\t\t\t<div class=\"elementor-testimonial\">\r\n\t\t\t\t\t\t\t<div class=\"elementor-testimonial__content\">\r\n\t\t\t\t\t<div class=\"elementor-testimonial__text\">\r\n\t\t\t\t\t\t\u201cST IT es una empresa que reconoce y valora a sus empleados, y esta es una de las tantas razones que me impulsan a levantarme cada d\u00eda dispuesto a dar lo mejor de m\u00ed como profesional.\u201d\t\t\t\t\t<\/div>\r\n\t\t\t\t\t<cite class=\"elementor-testimonial__cite\"><span class=\"elementor-testimonial__name\">\u00c1gata<\/span><\/cite>\t\t\t\t<\/div>\r\n\t\t\t\t\t\t<div class=\"elementor-testimonial__footer\">\r\n\t\t\t\t\t\t\t\t\t<div class=\"elementor-testimonial__image\">\r\n\t\t\t\t\t\t<img decoding=\"async\" src=\"https:\/\/www.stitcloud.com\/wp-content\/uploads\/2023\/05\/gabs-1-2.png\" alt=\"Agata\">\r\n\t\t\t\t\t\t\t\t\t\t\t<\/div>\r\n\t\t\t\t\t\t\t\t\t\t\t<\/div>\r\n\t\t<\/div>\r\n\t\t\t\t\t\t\t\t<\/div>\r\n\t\t\t\t\t\t\t\t\t<\/div>\r\n\t\t\t\t\t\t\t\t\t\t\t\t\t\t\t\t\t\t\t\t<div class=\"swiper-pagination\"><\/div>\r\n\t\t\t\t\t\t\t\t\t\t\t\t<\/div>\r\n\t\t\t\t<\/div>\r\n\t\t\t\t\t\t\t\t<\/div>\n\t\t\t\t<\/div>\n\t\t\t\t\t<\/div>\n\t\t\t\t<\/div>\n\t\t<div class=\"elementor-element elementor-element-1c10924 e-flex e-con-boxed e-con e-parent\" data-id=\"1c10924\" data-element_type=\"container\" data-e-type=\"container\" data-settings=\"{&quot;background_background&quot;:&quot;classic&quot;}\">\n\t\t\t\t\t<div class=\"e-con-inner\">\n\t\t<div class=\"elementor-element elementor-element-ba16931 e-con-full e-flex e-con e-child\" data-id=\"ba16931\" data-element_type=\"container\" data-e-type=\"container\">\n\t\t\t\t<div class=\"elementor-element elementor-element-1354f52 elementor-widget elementor-widget-heading\" data-id=\"1354f52\" data-element_type=\"widget\" data-e-type=\"widget\" data-widget_type=\"heading.default\">\n\t\t\t\t<div class=\"elementor-widget-container\">\n\t\t\t\t\t<h3 class=\"elementor-heading-title elementor-size-default\">S\u00e9 parte de <span>#equipo<\/span><\/h3>\t\t\t\t<\/div>\n\t\t\t\t<\/div>\n\t\t\t\t<div class=\"elementor-element elementor-element-a629e5a elementor-widget__width-initial elementor-vertical-align-top elementor-widget elementor-widget-image-box\" data-id=\"a629e5a\" data-element_type=\"widget\" data-e-type=\"widget\" data-widget_type=\"image-box.default\">\n\t\t\t\t<div class=\"elementor-widget-container\">\n\t\t\t\t\t<div class=\"elementor-image-box-wrapper\"><div class=\"elementor-image-box-content\"><p class=\"elementor-image-box-description\">\u00a1La innovaci\u00f3n es lo que impulsa a ST IT Cloud, pensando fuera de la caja, rompiendo paradigmas, creando estrategias para abrir nuevos caminos e ir m\u00e1s all\u00e1!<br><br>\n\nComenzamos en 2009 combinando experiencia en proyectos de desarrollo de software con soluciones de Business Intelligence. <br><br>\n\nEn 2012, demostramos una capacidad \u00fanica para atender a los clientes que utilizan soluciones en la nube. Hoy, ST IT Cloud ofrece consultor\u00eda completa para la modernizaci\u00f3n, integraci\u00f3n de datos y migraci\u00f3n a la nube y cuenta con un equipo certificado que utiliza metodolog\u00eda y servicios que agregan valor y generan resultados. <br><br>\n\nAgradecemos a nuestro equipo, clientes y socios por el viaje ;D<\/p><\/div><\/div>\t\t\t\t<\/div>\n\t\t\t\t<\/div>\n\t\t\t\t<\/div>\n\t\t<div class=\"elementor-element elementor-element-c0e6872 e-con-full e-flex e-con e-child\" data-id=\"c0e6872\" data-element_type=\"container\" data-e-type=\"container\">\n\t\t\t\t<div class=\"elementor-element elementor-element-f81925a elementor-widget elementor-widget-image\" data-id=\"f81925a\" data-element_type=\"widget\" data-e-type=\"widget\" data-widget_type=\"image.default\">\n\t\t\t\t<div class=\"elementor-widget-container\">\n\t\t\t\t\t\t\t\t\t\t\t\t\t\t\t<img fetchpriority=\"high\" decoding=\"async\" width=\"603\" height=\"576\" src=\"https:\/\/www.stitcloud.com\/wp-content\/uploads\/2023\/05\/equipe.webp\" class=\"attachment-full size-full wp-image-1398\" alt=\"equipe\" srcset=\"https:\/\/www.stitcloud.com\/wp-content\/uploads\/2023\/05\/equipe.webp 603w, https:\/\/www.stitcloud.com\/wp-content\/uploads\/2023\/05\/equipe-300x287.webp 300w\" sizes=\"(max-width: 603px) 100vw, 603px\" \/>\t\t\t\t\t\t\t\t\t\t\t\t\t\t\t<\/div>\n\t\t\t\t<\/div>\n\t\t\t\t<\/div>\n\t\t\t\t\t<\/div>\n\t\t\t\t<\/div>\n\t\t\t\t<\/div>","protected":false},"excerpt":{"rendered":"<p>ST IT Cloud Carreiras Venha fazer parte do #TEAMSTIT Candidate-se agora mesmo! rh@stitcloud.com Voc\u00ea que \u00e9 apaixonado por tecnologia, adora desafios e busca constantemente novas oportunidades de crescimento profissional? Aqui est\u00e1 a sua chance de fazer parte de uma equipe apaixonada, focada, e determinada a transformar empresas e gerar resultados! Por que se juntar a [&hellip;]<\/p>","protected":false},"author":2,"featured_media":0,"parent":0,"menu_order":0,"comment_status":"closed","ping_status":"closed","template":"","meta":{"footnotes":""},"class_list":["post-1354","page","type-page","status-publish","hentry"],"yoast_head":"<!-- This site is optimized with the Yoast SEO Premium plugin v27.4 (Yoast SEO v27.5) - https:\/\/yoast.com\/product\/yoast-seo-premium-wordpress\/ -->\n<title>Carreiras - ST IT Cloud<\/title>\n<meta name=\"description\" content=\"Descubra oportunidades de carreira em TI. Junte-se a nossa equipe e desenvolva seu potencial com a ST IT Cloud\" \/>\n<meta name=\"robots\" content=\"index, follow, max-snippet:-1, max-image-preview:large, max-video-preview:-1\" \/>\n<link rel=\"canonical\" href=\"http:\/\/www.stitcloud.com\/es\/carreiras\/\" \/>\n<meta property=\"og:locale\" content=\"es_ES\" \/>\n<meta property=\"og:type\" content=\"article\" \/>\n<meta property=\"og:title\" content=\"Carreiras ST IT.\" \/>\n<meta property=\"og:description\" content=\"Carreiras - Inova\u00e7\u00e3o \u00e9 o que nos move, pensar fora da caixa, quebrar paradigmas, criar estrat\u00e9gias para abrir novos caminhos e ir al\u00e9m!\" \/>\n<meta property=\"og:url\" content=\"http:\/\/www.stitcloud.com\/es\/carreiras\/\" \/>\n<meta property=\"og:site_name\" content=\"ST IT Cloud\" \/>\n<meta property=\"article:modified_time\" content=\"2025-07-12T12:19:14+00:00\" \/>\n<meta property=\"og:image\" content=\"https:\/\/www.stitcloud.com\/wp-content\/uploads\/2023\/05\/bg-carreiras.webp\" \/>\n\t<meta property=\"og:image:width\" content=\"1919\" \/>\n\t<meta property=\"og:image:height\" content=\"1098\" \/>\n\t<meta property=\"og:image:type\" content=\"image\/webp\" \/>\n<meta name=\"twitter:card\" content=\"summary_large_image\" \/>\n<meta name=\"twitter:title\" content=\"Carreiras ST IT.\" \/>\n<meta name=\"twitter:description\" content=\"Carreiras - Inova\u00e7\u00e3o \u00e9 o que nos move, pensar fora da caixa, quebrar paradigmas, criar estrat\u00e9gias para abrir novos caminhos e ir al\u00e9m!\" \/>\n<meta name=\"twitter:label1\" content=\"Tiempo de lectura\" \/>\n\t<meta name=\"twitter:data1\" content=\"5 minutos\" \/>\n<script type=\"application\/ld+json\" class=\"yoast-schema-graph\">{\"@context\":\"https:\\\/\\\/schema.org\",\"@graph\":[{\"@type\":\"WebPage\",\"@id\":\"https:\\\/\\\/www.stitcloud.com\\\/carreiras\\\/\",\"url\":\"https:\\\/\\\/www.stitcloud.com\\\/carreiras\\\/\",\"name\":\"Carreiras - ST IT Cloud\",\"isPartOf\":{\"@id\":\"https:\\\/\\\/www.stitcloud.com\\\/#website\"},\"primaryImageOfPage\":{\"@id\":\"https:\\\/\\\/www.stitcloud.com\\\/carreiras\\\/#primaryimage\"},\"image\":{\"@id\":\"https:\\\/\\\/www.stitcloud.com\\\/carreiras\\\/#primaryimage\"},\"thumbnailUrl\":\"https:\\\/\\\/s.w.org\\\/images\\\/core\\\/emoji\\\/14.0.0\\\/svg\\\/1f4bb.svg\",\"datePublished\":\"2023-05-03T18:01:02+00:00\",\"dateModified\":\"2025-07-12T12:19:14+00:00\",\"description\":\"Descubra oportunidades de carreira em TI. Junte-se a nossa equipe e desenvolva seu potencial com a ST IT Cloud\",\"breadcrumb\":{\"@id\":\"https:\\\/\\\/www.stitcloud.com\\\/carreiras\\\/#breadcrumb\"},\"inLanguage\":\"es\",\"potentialAction\":[{\"@type\":\"ReadAction\",\"target\":[\"https:\\\/\\\/www.stitcloud.com\\\/carreiras\\\/\"]}]},{\"@type\":\"ImageObject\",\"inLanguage\":\"es\",\"@id\":\"https:\\\/\\\/www.stitcloud.com\\\/carreiras\\\/#primaryimage\",\"url\":\"https:\\\/\\\/s.w.org\\\/images\\\/core\\\/emoji\\\/14.0.0\\\/svg\\\/1f4bb.svg\",\"contentUrl\":\"https:\\\/\\\/s.w.org\\\/images\\\/core\\\/emoji\\\/14.0.0\\\/svg\\\/1f4bb.svg\"},{\"@type\":\"BreadcrumbList\",\"@id\":\"https:\\\/\\\/www.stitcloud.com\\\/carreiras\\\/#breadcrumb\",\"itemListElement\":[{\"@type\":\"ListItem\",\"position\":1,\"name\":\"In\u00edcio\",\"item\":\"https:\\\/\\\/www.stitcloud.com\\\/\"},{\"@type\":\"ListItem\",\"position\":2,\"name\":\"Carreiras\"}]},{\"@type\":\"WebSite\",\"@id\":\"https:\\\/\\\/www.stitcloud.com\\\/#website\",\"url\":\"https:\\\/\\\/www.stitcloud.com\\\/\",\"name\":\"ST IT Cloud\",\"description\":\"Especialistas em Data Analytics, IA e Machine Learning\",\"publisher\":{\"@id\":\"https:\\\/\\\/www.stitcloud.com\\\/#organization\"},\"potentialAction\":[{\"@type\":\"SearchAction\",\"target\":{\"@type\":\"EntryPoint\",\"urlTemplate\":\"https:\\\/\\\/www.stitcloud.com\\\/?s={search_term_string}\"},\"query-input\":{\"@type\":\"PropertyValueSpecification\",\"valueRequired\":true,\"valueName\":\"search_term_string\"}}],\"inLanguage\":\"es\"},{\"@type\":\"Organization\",\"@id\":\"https:\\\/\\\/www.stitcloud.com\\\/#organization\",\"name\":\"ST IT Cloud\",\"url\":\"https:\\\/\\\/www.stitcloud.com\\\/\",\"logo\":{\"@type\":\"ImageObject\",\"inLanguage\":\"es\",\"@id\":\"https:\\\/\\\/www.stitcloud.com\\\/#\\\/schema\\\/logo\\\/image\\\/\",\"url\":\"https:\\\/\\\/www.stitcloud.com\\\/wp-content\\\/uploads\\\/2024\\\/02\\\/logo-ST-IT-CLOUD.svg\",\"contentUrl\":\"https:\\\/\\\/www.stitcloud.com\\\/wp-content\\\/uploads\\\/2024\\\/02\\\/logo-ST-IT-CLOUD.svg\",\"width\":70,\"height\":79,\"caption\":\"ST IT Cloud\"},\"image\":{\"@id\":\"https:\\\/\\\/www.stitcloud.com\\\/#\\\/schema\\\/logo\\\/image\\\/\"}}]}<\/script>\n<!-- \/ Yoast SEO Premium plugin. -->","yoast_head_json":{"title":"Carreiras - ST IT Cloud","description":"Descubra oportunidades de carreira em TI. Junte-se a nossa equipe e desenvolva seu potencial com a ST IT Cloud","robots":{"index":"index","follow":"follow","max-snippet":"max-snippet:-1","max-image-preview":"max-image-preview:large","max-video-preview":"max-video-preview:-1"},"canonical":"http:\/\/www.stitcloud.com\/es\/carreiras\/","og_locale":"es_ES","og_type":"article","og_title":"Carreiras ST IT.","og_description":"Carreiras - Inova\u00e7\u00e3o \u00e9 o que nos move, pensar fora da caixa, quebrar paradigmas, criar estrat\u00e9gias para abrir novos caminhos e ir al\u00e9m!","og_url":"http:\/\/www.stitcloud.com\/es\/carreiras\/","og_site_name":"ST IT Cloud","article_modified_time":"2025-07-12T12:19:14+00:00","og_image":[{"width":1919,"height":1098,"url":"https:\/\/www.stitcloud.com\/wp-content\/uploads\/2023\/05\/bg-carreiras.webp","type":"image\/webp"}],"twitter_card":"summary_large_image","twitter_title":"Carreiras ST IT.","twitter_description":"Carreiras - Inova\u00e7\u00e3o \u00e9 o que nos move, pensar fora da caixa, quebrar paradigmas, criar estrat\u00e9gias para abrir novos caminhos e ir al\u00e9m!","twitter_misc":{"Tiempo de lectura":"5 minutos"},"schema":{"@context":"https:\/\/schema.org","@graph":[{"@type":"WebPage","@id":"https:\/\/www.stitcloud.com\/carreiras\/","url":"https:\/\/www.stitcloud.com\/carreiras\/","name":"Carreiras - ST IT Cloud","isPartOf":{"@id":"https:\/\/www.stitcloud.com\/#website"},"primaryImageOfPage":{"@id":"https:\/\/www.stitcloud.com\/carreiras\/#primaryimage"},"image":{"@id":"https:\/\/www.stitcloud.com\/carreiras\/#primaryimage"},"thumbnailUrl":"https:\/\/s.w.org\/images\/core\/emoji\/14.0.0\/svg\/1f4bb.svg","datePublished":"2023-05-03T18:01:02+00:00","dateModified":"2025-07-12T12:19:14+00:00","description":"Descubra oportunidades de carreira em TI. Junte-se a nossa equipe e desenvolva seu potencial com a ST IT Cloud","breadcrumb":{"@id":"https:\/\/www.stitcloud.com\/carreiras\/#breadcrumb"},"inLanguage":"es","potentialAction":[{"@type":"ReadAction","target":["https:\/\/www.stitcloud.com\/carreiras\/"]}]},{"@type":"ImageObject","inLanguage":"es","@id":"https:\/\/www.stitcloud.com\/carreiras\/#primaryimage","url":"https:\/\/s.w.org\/images\/core\/emoji\/14.0.0\/svg\/1f4bb.svg","contentUrl":"https:\/\/s.w.org\/images\/core\/emoji\/14.0.0\/svg\/1f4bb.svg"},{"@type":"BreadcrumbList","@id":"https:\/\/www.stitcloud.com\/carreiras\/#breadcrumb","itemListElement":[{"@type":"ListItem","position":1,"name":"In\u00edcio","item":"https:\/\/www.stitcloud.com\/"},{"@type":"ListItem","position":2,"name":"Carreiras"}]},{"@type":"WebSite","@id":"https:\/\/www.stitcloud.com\/#website","url":"https:\/\/www.stitcloud.com\/","name":"ST IT Cloud","description":"Especialistas em Data Analytics, IA e Machine Learning","publisher":{"@id":"https:\/\/www.stitcloud.com\/#organization"},"potentialAction":[{"@type":"SearchAction","target":{"@type":"EntryPoint","urlTemplate":"https:\/\/www.stitcloud.com\/?s={search_term_string}"},"query-input":{"@type":"PropertyValueSpecification","valueRequired":true,"valueName":"search_term_string"}}],"inLanguage":"es"},{"@type":"Organization","@id":"https:\/\/www.stitcloud.com\/#organization","name":"ST IT Cloud","url":"https:\/\/www.stitcloud.com\/","logo":{"@type":"ImageObject","inLanguage":"es","@id":"https:\/\/www.stitcloud.com\/#\/schema\/logo\/image\/","url":"https:\/\/www.stitcloud.com\/wp-content\/uploads\/2024\/02\/logo-ST-IT-CLOUD.svg","contentUrl":"https:\/\/www.stitcloud.com\/wp-content\/uploads\/2024\/02\/logo-ST-IT-CLOUD.svg","width":70,"height":79,"caption":"ST IT Cloud"},"image":{"@id":"https:\/\/www.stitcloud.com\/#\/schema\/logo\/image\/"}}]}},"_links":{"self":[{"href":"http:\/\/www.stitcloud.com\/es\/wp-json\/wp\/v2\/pages\/1354","targetHints":{"allow":["GET"]}}],"collection":[{"href":"http:\/\/www.stitcloud.com\/es\/wp-json\/wp\/v2\/pages"}],"about":[{"href":"http:\/\/www.stitcloud.com\/es\/wp-json\/wp\/v2\/types\/page"}],"author":[{"embeddable":true,"href":"http:\/\/www.stitcloud.com\/es\/wp-json\/wp\/v2\/users\/2"}],"replies":[{"embeddable":true,"href":"http:\/\/www.stitcloud.com\/es\/wp-json\/wp\/v2\/comments?post=1354"}],"version-history":[{"count":0,"href":"http:\/\/www.stitcloud.com\/es\/wp-json\/wp\/v2\/pages\/1354\/revisions"}],"wp:attachment":[{"href":"http:\/\/www.stitcloud.com\/es\/wp-json\/wp\/v2\/media?parent=1354"}],"curies":[{"name":"wp","href":"https:\/\/api.w.org\/{rel}","templated":true}]}}