{"id":1354,"date":"2023-05-03T18:01:02","date_gmt":"2023-05-03T18:01:02","guid":{"rendered":"https:\/\/lp.stitcloud.com\/?page_id=1354"},"modified":"2025-07-12T12:19:14","modified_gmt":"2025-07-12T12:19:14","slug":"carreiras","status":"publish","type":"page","link":"https:\/\/www.stitcloud.com\/en\/carreiras\/","title":{"rendered":"careers"},"content":{"rendered":"<div data-elementor-type=\"wp-page\" data-elementor-id=\"1354\" class=\"elementor elementor-1354\" data-elementor-post-type=\"page\">\n\t\t\t\t<div class=\"elementor-element elementor-element-6ed6dac e-con-full e-flex e-con e-parent\" data-id=\"6ed6dac\" data-element_type=\"container\" data-e-type=\"container\" data-settings=\"{&quot;background_background&quot;:&quot;classic&quot;}\">\n\t\t<div class=\"elementor-element elementor-element-21aec1a e-con-full e-flex e-con e-child\" data-id=\"21aec1a\" data-element_type=\"container\" data-e-type=\"container\">\n\t\t\t\t<div class=\"elementor-element elementor-element-05c417f elementor-invisible elementor-widget elementor-widget-heading\" data-id=\"05c417f\" data-element_type=\"widget\" data-e-type=\"widget\" data-settings=\"{&quot;_animation&quot;:&quot;fadeIn&quot;,&quot;_animation_delay&quot;:200}\" data-widget_type=\"heading.default\">\n\t\t\t\t<div class=\"elementor-widget-container\">\n\t\t\t\t\t<h1 class=\"elementor-heading-title elementor-size-default\">ST IT Cloud Careers<\/h1>\t\t\t\t<\/div>\n\t\t\t\t<\/div>\n\t\t\t\t<\/div>\n\t\t\t\t<\/div>\n\t\t<div class=\"elementor-element elementor-element-781faca e-con-full e-flex e-con e-parent\" data-id=\"781faca\" data-element_type=\"container\" data-e-type=\"container\">\n\t\t\t\t<div class=\"elementor-element elementor-element-397c835 elementor-widget__width-initial elementor-widget-mobile__width-initial elementor-widget elementor-widget-heading\" data-id=\"397c835\" data-element_type=\"widget\" data-e-type=\"widget\" data-widget_type=\"heading.default\">\n\t\t\t\t<div class=\"elementor-widget-container\">\n\t\t\t\t\t<h2 class=\"elementor-heading-title elementor-size-default\">Come be a part of  <span>#TEAMSTIT<\/span><\/h2>\t\t\t\t<\/div>\n\t\t\t\t<\/div>\n\t\t\t\t<div class=\"elementor-element elementor-element-684f831 elementor-widget__width-initial elementor-widget elementor-widget-text-editor\" data-id=\"684f831\" data-element_type=\"widget\" data-e-type=\"widget\" data-widget_type=\"text-editor.default\">\n\t\t\t\t<div class=\"elementor-widget-container\">\n\t\t\t\t\t\t\t\t\t<p>Candidate-se agora mesmo!<\/p><p><strong>rh@stitcloud.com<\/strong> <img decoding=\"async\" class=\"emoji\" role=\"img\" draggable=\"false\" src=\"https:\/\/s.w.org\/images\/core\/emoji\/14.0.0\/svg\/1f4bb.svg\" alt=\"\ud83d\udcbb\" \/><img decoding=\"async\" class=\"emoji\" role=\"img\" draggable=\"false\" src=\"https:\/\/s.w.org\/images\/core\/emoji\/14.0.0\/svg\/1f680.svg\" alt=\"\ud83d\ude80\" \/><\/p>\t\t\t\t\t\t\t\t<\/div>\n\t\t\t\t<\/div>\n\t\t\t\t<div class=\"elementor-element elementor-element-cfde50e elementor-widget__width-initial elementor-widget elementor-widget-text-editor\" data-id=\"cfde50e\" data-element_type=\"widget\" data-e-type=\"widget\" data-widget_type=\"text-editor.default\">\n\t\t\t\t<div class=\"elementor-widget-container\">\n\t\t\t\t\t\t\t\t\t<p>Are you passionate about technology, love challenges, and constantly seek new opportunities for professional growth? Here\u2019s your chance to join a passionate, focused, and determined team that transforms businesses and delivers results!<\/p>\t\t\t\t\t\t\t\t<\/div>\n\t\t\t\t<\/div>\n\t\t\t\t<div class=\"elementor-element elementor-element-4eebd6c elementor-widget__width-initial elementor-widget elementor-widget-text-editor\" data-id=\"4eebd6c\" data-element_type=\"widget\" data-e-type=\"widget\" data-widget_type=\"text-editor.default\">\n\t\t\t\t<div class=\"elementor-widget-container\">\n\t\t\t\t\t\t\t\t\t<h3><strong>Why join us?\u00a0<\/strong><span style=\"font-family: 'Segoe UI Emoji';\"><img decoding=\"async\" class=\"emoji\" role=\"img\" draggable=\"false\" src=\"https:\/\/s.w.org\/images\/core\/emoji\/14.0.0\/svg\/1f3af.svg\" alt=\"\ud83c\udfaf\" \/><\/span><\/h3><p>ST IT Cloud offers a challenging work environment where innovation is valued and your ideas can make a difference. Additionally, you will have the opportunity to:<\/p><p><img decoding=\"async\" class=\"emoji\" role=\"img\" draggable=\"false\" src=\"https:\/\/s.w.org\/images\/core\/emoji\/14.0.0\/svg\/2705.svg\" alt=\"\u2705\" \/>\u00a0 Work on projects with the latest technologies.<br \/><img decoding=\"async\" class=\"emoji\" role=\"img\" draggable=\"false\" src=\"https:\/\/s.w.org\/images\/core\/emoji\/14.0.0\/svg\/2705.svg\" alt=\"\u2705\" \/>\u00a0 Grow professionally and expand your skills in a collaborative environment.<br \/><img decoding=\"async\" class=\"emoji\" role=\"img\" draggable=\"false\" src=\"https:\/\/s.w.org\/images\/core\/emoji\/14.0.0\/svg\/2705.svg\" alt=\"\u2705\" \/>\u00a0 Be part of a team passionate about technology and focused on results<br \/><img decoding=\"async\" class=\"emoji\" role=\"img\" draggable=\"false\" src=\"https:\/\/s.w.org\/images\/core\/emoji\/14.0.0\/svg\/2705.svg\" alt=\"\u2705\" \/>\u00a0 Development of skills such as problem-solving, leadership spirit, and communication.<br \/><img decoding=\"async\" class=\"emoji\" role=\"img\" draggable=\"false\" src=\"https:\/\/s.w.org\/images\/core\/emoji\/14.0.0\/svg\/2705.svg\" alt=\"\u2705\" \/>\u00a0 Structured career plan<\/p>\t\t\t\t\t\t\t\t<\/div>\n\t\t\t\t<\/div>\n\t\t\t\t<\/div>\n\t\t<div class=\"elementor-element elementor-element-06cd8ea e-flex e-con-boxed e-con e-parent\" data-id=\"06cd8ea\" data-element_type=\"container\" data-e-type=\"container\" data-settings=\"{&quot;background_background&quot;:&quot;classic&quot;}\">\n\t\t\t\t\t<div class=\"e-con-inner\">\n\t\t\t\t<div class=\"elementor-element elementor-element-55b1770 elementor-widget__width-initial elementor-widget elementor-widget-heading\" data-id=\"55b1770\" data-element_type=\"widget\" data-e-type=\"widget\" data-widget_type=\"heading.default\">\n\t\t\t\t<div class=\"elementor-widget-container\">\n\t\t\t\t\t<h3 class=\"elementor-heading-title elementor-size-default\">What do we expect?\n<\/h3>\t\t\t\t<\/div>\n\t\t\t\t<\/div>\n\t\t\t\t<div class=\"elementor-element elementor-element-95c61fb elementor-widget elementor-widget-text-editor\" data-id=\"95c61fb\" data-element_type=\"widget\" data-e-type=\"widget\" data-widget_type=\"text-editor.default\">\n\t\t\t\t<div class=\"elementor-widget-container\">\n\t\t\t\t\t\t\t\t\t<p>Claw to overcome obstacles, overcome barriers and go beyond!<\/p><p>Come grow with ST IT Cloud<\/p>\t\t\t\t\t\t\t\t<\/div>\n\t\t\t\t<\/div>\n\t\t\t\t\t<\/div>\n\t\t\t\t<\/div>\n\t\t<div class=\"elementor-element elementor-element-97df4e1 e-flex e-con-boxed e-con e-parent\" data-id=\"97df4e1\" data-element_type=\"container\" data-e-type=\"container\" data-settings=\"{&quot;background_background&quot;:&quot;classic&quot;}\">\n\t\t\t\t\t<div class=\"e-con-inner\">\n\t\t\t\t<div class=\"elementor-element elementor-element-58a150c elementor-widget__width-initial elementor-invisible elementor-widget elementor-widget-heading\" data-id=\"58a150c\" data-element_type=\"widget\" data-e-type=\"widget\" data-settings=\"{&quot;_animation&quot;:&quot;fadeIn&quot;,&quot;_animation_delay&quot;:200}\" data-widget_type=\"heading.default\">\n\t\t\t\t<div class=\"elementor-widget-container\">\n\t\t\t\t\t<h3 class=\"elementor-heading-title elementor-size-default\">\u201cWe live today what the market projects for the future\u201d<\/h3>\t\t\t\t<\/div>\n\t\t\t\t<\/div>\n\t\t\t\t<div class=\"elementor-element elementor-element-6bbf1c2 elementor-widget elementor-widget-text-editor\" data-id=\"6bbf1c2\" data-element_type=\"widget\" data-e-type=\"widget\" data-widget_type=\"text-editor.default\">\n\t\t\t\t<div class=\"elementor-widget-container\">\n\t\t\t\t\t\t\t\t\t<p>Maur\u00edcio Carvalho, CEO<\/p>\t\t\t\t\t\t\t\t<\/div>\n\t\t\t\t<\/div>\n\t\t\t\t\t<\/div>\n\t\t\t\t<\/div>\n\t\t<div class=\"elementor-element elementor-element-87fc0f9 e-flex e-con-boxed e-con e-parent\" data-id=\"87fc0f9\" data-element_type=\"container\" data-e-type=\"container\">\n\t\t\t\t\t<div class=\"e-con-inner\">\n\t\t\t\t<div class=\"elementor-element elementor-element-207f7fd elementor-widget__width-initial elementor-widget elementor-widget-heading\" data-id=\"207f7fd\" data-element_type=\"widget\" data-e-type=\"widget\" data-widget_type=\"heading.default\">\n\t\t\t\t<div class=\"elementor-widget-container\">\n\t\t\t\t\t<h2 class=\"elementor-heading-title elementor-size-default\">What our team says<\/h2>\t\t\t\t<\/div>\n\t\t\t\t<\/div>\n\t\t\t\t<div class=\"elementor-element elementor-element-0f4d05f elementor-testimonial--layout-image_above elementor-testimonial--skin-default elementor-testimonial--align-center elementor-pagination-type-bullets elementor-widget elementor-widget-testimonial-carousel\" data-id=\"0f4d05f\" data-element_type=\"widget\" data-e-type=\"widget\" data-settings=\"{&quot;slides_per_view&quot;:&quot;3&quot;,&quot;slides_to_scroll&quot;:&quot;2&quot;,&quot;space_between&quot;:{&quot;unit&quot;:&quot;px&quot;,&quot;size&quot;:30,&quot;sizes&quot;:[]},&quot;slides_per_view_mobile&quot;:&quot;1&quot;,&quot;pagination&quot;:&quot;bullets&quot;,&quot;speed&quot;:500,&quot;autoplay&quot;:&quot;yes&quot;,&quot;autoplay_speed&quot;:5000,&quot;loop&quot;:&quot;yes&quot;,&quot;pause_on_hover&quot;:&quot;yes&quot;,&quot;pause_on_interaction&quot;:&quot;yes&quot;,&quot;space_between_widescreen&quot;:{&quot;unit&quot;:&quot;px&quot;,&quot;size&quot;:10,&quot;sizes&quot;:[]},&quot;space_between_tablet&quot;:{&quot;unit&quot;:&quot;px&quot;,&quot;size&quot;:10,&quot;sizes&quot;:[]},&quot;space_between_mobile_extra&quot;:{&quot;unit&quot;:&quot;px&quot;,&quot;size&quot;:10,&quot;sizes&quot;:[]},&quot;space_between_mobile&quot;:{&quot;unit&quot;:&quot;px&quot;,&quot;size&quot;:10,&quot;sizes&quot;:[]}}\" data-widget_type=\"testimonial-carousel.default\">\n\t\t\t\t<div class=\"elementor-widget-container\">\n\t\t\t\t\t\t\t\t\t<div class=\"elementor-swiper\">\n\t\t\t\t\t<div class=\"elementor-main-swiper swiper\" role=\"region\" aria-roledescription=\"carousel\" aria-label=\"Slides\">\n\t\t\t\t<div class=\"swiper-wrapper\">\n\t\t\t\t\t\t\t\t\t\t\t<div class=\"swiper-slide\" role=\"group\" aria-roledescription=\"slide\">\n\t\t\t\t\t\t\t\t\t<div class=\"elementor-testimonial\">\n\t\t\t\t\t\t\t<div class=\"elementor-testimonial__content\">\n\t\t\t\t\t<div class=\"elementor-testimonial__text\">\n\t\t\t\t\t\t\u201cOne of the things that makes me most happy about being part of the ST IT team is the trust and support I receive daily from the entire team. Also, knowing that the company creates such a collaborative and exciting environment motivates me more and more to seek the best for the team and myself. \u201d\t\t\t\t\t<\/div>\n\t\t\t\t\t<cite class=\"elementor-testimonial__cite\"><span class=\"elementor-testimonial__name\">Gabs<\/span><span class=\"elementor-testimonial__title\">must<\/span><\/cite>\t\t\t\t<\/div>\n\t\t\t\t\t\t<div class=\"elementor-testimonial__footer\">\n\t\t\t\t\t\t\t\t\t<div class=\"elementor-testimonial__image\">\n\t\t\t\t\t\t<img decoding=\"async\" src=\"https:\/\/www.stitcloud.com\/wp-content\/uploads\/2023\/05\/gabs-1.png\" alt=\"Gabs\">\n\t\t\t\t\t\t\t\t\t\t\t<\/div>\n\t\t\t\t\t\t\t\t\t\t\t<\/div>\n\t\t<\/div>\n\t\t\t\t\t\t\t\t<\/div>\n\t\t\t\t\t\t\t\t\t\t\t<div class=\"swiper-slide\" role=\"group\" aria-roledescription=\"slide\">\n\t\t\t\t\t\t\t\t\t<div class=\"elementor-testimonial\">\n\t\t\t\t\t\t\t<div class=\"elementor-testimonial__content\">\n\t\t\t\t\t<div class=\"elementor-testimonial__text\">\n\t\t\t\t\t\t\u201cI like working at ST IT because of the autonomy, work and decision-making that we have, and the knowledge that is acquired, which makes me an increasingly consultative technology professional, and which challenges me to constant growth.\u201d\t\t\t\t\t<\/div>\n\t\t\t\t\t<cite class=\"elementor-testimonial__cite\"><span class=\"elementor-testimonial__name\">Wil<\/span><span class=\"elementor-testimonial__title\">account manager<\/span><\/cite>\t\t\t\t<\/div>\n\t\t\t\t\t\t<div class=\"elementor-testimonial__footer\">\n\t\t\t\t\t\t\t\t\t<div class=\"elementor-testimonial__image\">\n\t\t\t\t\t\t<img decoding=\"async\" src=\"https:\/\/www.stitcloud.com\/wp-content\/uploads\/2023\/05\/gabs-1-1.png\" alt=\"Wil\">\n\t\t\t\t\t\t\t\t\t\t\t<\/div>\n\t\t\t\t\t\t\t\t\t\t\t<\/div>\n\t\t<\/div>\n\t\t\t\t\t\t\t\t<\/div>\n\t\t\t\t\t\t\t\t\t\t\t<div class=\"swiper-slide\" role=\"group\" aria-roledescription=\"slide\">\n\t\t\t\t\t\t\t\t\t<div class=\"elementor-testimonial\">\n\t\t\t\t\t\t\t<div class=\"elementor-testimonial__content\">\n\t\t\t\t\t<div class=\"elementor-testimonial__text\">\n\t\t\t\t\t\t\u201cST IT is a company that recognizes and values its employees, and this is one of the many reasons that drive me to get up every day willing to do my best as a professional.\u201d\t\t\t\t\t<\/div>\n\t\t\t\t\t<cite class=\"elementor-testimonial__cite\"><span class=\"elementor-testimonial__name\">Agate<\/span><\/cite>\t\t\t\t<\/div>\n\t\t\t\t\t\t<div class=\"elementor-testimonial__footer\">\n\t\t\t\t\t\t\t\t\t<div class=\"elementor-testimonial__image\">\n\t\t\t\t\t\t<img decoding=\"async\" src=\"https:\/\/www.stitcloud.com\/wp-content\/uploads\/2023\/05\/gabs-1-2.png\" alt=\"Agata\">\n\t\t\t\t\t\t\t\t\t\t\t<\/div>\n\t\t\t\t\t\t\t\t\t\t\t<\/div>\n\t\t<\/div>\n\t\t\t\t\t\t\t\t<\/div>\n\t\t\t\t\t\t\t\t\t<\/div>\n\t\t\t\t\t\t\t\t\t\t\t\t\t\t\t\t\t\t\t\t<div class=\"swiper-pagination\"><\/div>\n\t\t\t\t\t\t\t\t\t\t\t\t<\/div>\n\t\t\t\t<\/div>\n\t\t\t\t\t\t\t\t<\/div>\n\t\t\t\t<\/div>\n\t\t\t\t\t<\/div>\n\t\t\t\t<\/div>\n\t\t<div class=\"elementor-element elementor-element-1c10924 e-flex e-con-boxed e-con e-parent\" data-id=\"1c10924\" data-element_type=\"container\" data-e-type=\"container\" data-settings=\"{&quot;background_background&quot;:&quot;classic&quot;}\">\n\t\t\t\t\t<div class=\"e-con-inner\">\n\t\t<div class=\"elementor-element elementor-element-ba16931 e-con-full e-flex e-con e-child\" data-id=\"ba16931\" data-element_type=\"container\" data-e-type=\"container\">\n\t\t\t\t<div class=\"elementor-element elementor-element-1354f52 elementor-widget elementor-widget-heading\" data-id=\"1354f52\" data-element_type=\"widget\" data-e-type=\"widget\" data-widget_type=\"heading.default\">\n\t\t\t\t<div class=\"elementor-widget-container\">\n\t\t\t\t\t<h3 class=\"elementor-heading-title elementor-size-default\">Be part of <span>#teamstit<\/span><\/h3>\t\t\t\t<\/div>\n\t\t\t\t<\/div>\n\t\t\t\t<div class=\"elementor-element elementor-element-a629e5a elementor-widget__width-initial elementor-vertical-align-top elementor-widget elementor-widget-image-box\" data-id=\"a629e5a\" data-element_type=\"widget\" data-e-type=\"widget\" data-widget_type=\"image-box.default\">\n\t\t\t\t<div class=\"elementor-widget-container\">\n\t\t\t\t\t<div class=\"elementor-image-box-wrapper\"><div class=\"elementor-image-box-content\"><p class=\"elementor-image-box-description\">Innovation is what drives ST IT Cloud, thinking outside the box, breaking paradigms, creating strategies to open new paths and go beyond!<br><br>\n\nWe started in 2009 combining expertise in software development projects with Business Intelligence solutions. <br><br>\n\nIn 2012, we demonstrated a unique ability to serve customers using Cloud solutions. Today, ST IT Cloud offers complete consultancy for modernization, data integration and migration to the cloud and has a certified team that uses methodology and services that add value and generate results. <br><br>\n\nWe thank our team, customers and partners for the journey ;D<\/p><\/div><\/div>\t\t\t\t<\/div>\n\t\t\t\t<\/div>\n\t\t\t\t<\/div>\n\t\t<div class=\"elementor-element elementor-element-c0e6872 e-con-full e-flex e-con e-child\" data-id=\"c0e6872\" data-element_type=\"container\" data-e-type=\"container\">\n\t\t\t\t<div class=\"elementor-element elementor-element-f81925a elementor-widget elementor-widget-image\" data-id=\"f81925a\" data-element_type=\"widget\" data-e-type=\"widget\" data-widget_type=\"image.default\">\n\t\t\t\t<div class=\"elementor-widget-container\">\n\t\t\t\t\t\t\t\t\t\t\t\t\t\t\t<img fetchpriority=\"high\" decoding=\"async\" width=\"603\" height=\"576\" src=\"https:\/\/www.stitcloud.com\/wp-content\/uploads\/2023\/05\/equipe.webp\" class=\"attachment-full size-full wp-image-1398\" alt=\"equipe\" srcset=\"https:\/\/www.stitcloud.com\/wp-content\/uploads\/2023\/05\/equipe.webp 603w, https:\/\/www.stitcloud.com\/wp-content\/uploads\/2023\/05\/equipe-300x287.webp 300w\" sizes=\"(max-width: 603px) 100vw, 603px\" \/>\t\t\t\t\t\t\t\t\t\t\t\t\t\t\t<\/div>\n\t\t\t\t<\/div>\n\t\t\t\t<\/div>\n\t\t\t\t\t<\/div>\n\t\t\t\t<\/div>\n\t\t\t\t<\/div>","protected":false},"excerpt":{"rendered":"<p>ST IT Cloud Carreiras Venha fazer parte do #TEAMSTIT Candidate-se agora mesmo! rh@stitcloud.com Voc\u00ea que \u00e9 apaixonado por tecnologia, adora desafios e busca constantemente novas oportunidades de crescimento profissional? Aqui est\u00e1 a sua chance de fazer parte de uma equipe apaixonada, focada, e determinada a transformar empresas e gerar resultados! Por que se juntar a [&hellip;]<\/p>","protected":false},"author":2,"featured_media":0,"parent":0,"menu_order":0,"comment_status":"closed","ping_status":"closed","template":"","meta":{"footnotes":""},"class_list":["post-1354","page","type-page","status-publish","hentry"],"yoast_head":"<!-- This site is optimized with the Yoast SEO Premium plugin v27.3 (Yoast SEO v27.3) - https:\/\/yoast.com\/product\/yoast-seo-premium-wordpress\/ -->\n<title>Carreiras - ST IT Cloud<\/title>\n<meta name=\"description\" content=\"Descubra oportunidades de carreira em TI. Junte-se a nossa equipe e desenvolva seu potencial com a ST IT Cloud\" \/>\n<meta name=\"robots\" content=\"index, follow, max-snippet:-1, max-image-preview:large, max-video-preview:-1\" \/>\n<link rel=\"canonical\" href=\"https:\/\/www.stitcloud.com\/en\/carreiras\/\" \/>\n<meta property=\"og:locale\" content=\"en_US\" \/>\n<meta property=\"og:type\" content=\"article\" \/>\n<meta property=\"og:title\" content=\"Carreiras ST IT.\" \/>\n<meta property=\"og:description\" content=\"Carreiras - Inova\u00e7\u00e3o \u00e9 o que nos move, pensar fora da caixa, quebrar paradigmas, criar estrat\u00e9gias para abrir novos caminhos e ir al\u00e9m!\" \/>\n<meta property=\"og:url\" content=\"https:\/\/www.stitcloud.com\/en\/carreiras\/\" \/>\n<meta property=\"og:site_name\" content=\"ST IT Cloud\" \/>\n<meta property=\"article:modified_time\" content=\"2025-07-12T12:19:14+00:00\" \/>\n<meta property=\"og:image\" content=\"https:\/\/www.stitcloud.com\/wp-content\/uploads\/2023\/05\/bg-carreiras.webp\" \/>\n\t<meta property=\"og:image:width\" content=\"1919\" \/>\n\t<meta property=\"og:image:height\" content=\"1098\" \/>\n\t<meta property=\"og:image:type\" content=\"image\/webp\" \/>\n<meta name=\"twitter:card\" content=\"summary_large_image\" \/>\n<meta name=\"twitter:title\" content=\"Carreiras ST IT.\" \/>\n<meta name=\"twitter:description\" content=\"Carreiras - Inova\u00e7\u00e3o \u00e9 o que nos move, pensar fora da caixa, quebrar paradigmas, criar estrat\u00e9gias para abrir novos caminhos e ir al\u00e9m!\" \/>\n<meta name=\"twitter:label1\" content=\"Est. reading time\" \/>\n\t<meta name=\"twitter:data1\" content=\"5 minutes\" \/>\n<script type=\"application\/ld+json\" class=\"yoast-schema-graph\">{\"@context\":\"https:\\\/\\\/schema.org\",\"@graph\":[{\"@type\":\"WebPage\",\"@id\":\"https:\\\/\\\/www.stitcloud.com\\\/carreiras\\\/\",\"url\":\"https:\\\/\\\/www.stitcloud.com\\\/carreiras\\\/\",\"name\":\"Carreiras - ST IT Cloud\",\"isPartOf\":{\"@id\":\"https:\\\/\\\/www.stitcloud.com\\\/#website\"},\"primaryImageOfPage\":{\"@id\":\"https:\\\/\\\/www.stitcloud.com\\\/carreiras\\\/#primaryimage\"},\"image\":{\"@id\":\"https:\\\/\\\/www.stitcloud.com\\\/carreiras\\\/#primaryimage\"},\"thumbnailUrl\":\"https:\\\/\\\/s.w.org\\\/images\\\/core\\\/emoji\\\/14.0.0\\\/svg\\\/1f4bb.svg\",\"datePublished\":\"2023-05-03T18:01:02+00:00\",\"dateModified\":\"2025-07-12T12:19:14+00:00\",\"description\":\"Descubra oportunidades de carreira em TI. Junte-se a nossa equipe e desenvolva seu potencial com a ST IT Cloud\",\"breadcrumb\":{\"@id\":\"https:\\\/\\\/www.stitcloud.com\\\/carreiras\\\/#breadcrumb\"},\"inLanguage\":\"en-US\",\"potentialAction\":[{\"@type\":\"ReadAction\",\"target\":[\"https:\\\/\\\/www.stitcloud.com\\\/carreiras\\\/\"]}]},{\"@type\":\"ImageObject\",\"inLanguage\":\"en-US\",\"@id\":\"https:\\\/\\\/www.stitcloud.com\\\/carreiras\\\/#primaryimage\",\"url\":\"https:\\\/\\\/s.w.org\\\/images\\\/core\\\/emoji\\\/14.0.0\\\/svg\\\/1f4bb.svg\",\"contentUrl\":\"https:\\\/\\\/s.w.org\\\/images\\\/core\\\/emoji\\\/14.0.0\\\/svg\\\/1f4bb.svg\"},{\"@type\":\"BreadcrumbList\",\"@id\":\"https:\\\/\\\/www.stitcloud.com\\\/carreiras\\\/#breadcrumb\",\"itemListElement\":[{\"@type\":\"ListItem\",\"position\":1,\"name\":\"In\u00edcio\",\"item\":\"https:\\\/\\\/www.stitcloud.com\\\/\"},{\"@type\":\"ListItem\",\"position\":2,\"name\":\"Carreiras\"}]},{\"@type\":\"WebSite\",\"@id\":\"https:\\\/\\\/www.stitcloud.com\\\/#website\",\"url\":\"https:\\\/\\\/www.stitcloud.com\\\/\",\"name\":\"ST IT Cloud\",\"description\":\"Especialistas em Data Analytics, IA e Machine Learning\",\"publisher\":{\"@id\":\"https:\\\/\\\/www.stitcloud.com\\\/#organization\"},\"potentialAction\":[{\"@type\":\"SearchAction\",\"target\":{\"@type\":\"EntryPoint\",\"urlTemplate\":\"https:\\\/\\\/www.stitcloud.com\\\/?s={search_term_string}\"},\"query-input\":{\"@type\":\"PropertyValueSpecification\",\"valueRequired\":true,\"valueName\":\"search_term_string\"}}],\"inLanguage\":\"en-US\"},{\"@type\":\"Organization\",\"@id\":\"https:\\\/\\\/www.stitcloud.com\\\/#organization\",\"name\":\"ST IT Cloud\",\"url\":\"https:\\\/\\\/www.stitcloud.com\\\/\",\"logo\":{\"@type\":\"ImageObject\",\"inLanguage\":\"en-US\",\"@id\":\"https:\\\/\\\/www.stitcloud.com\\\/#\\\/schema\\\/logo\\\/image\\\/\",\"url\":\"https:\\\/\\\/www.stitcloud.com\\\/wp-content\\\/uploads\\\/2024\\\/02\\\/logo-ST-IT-CLOUD.svg\",\"contentUrl\":\"https:\\\/\\\/www.stitcloud.com\\\/wp-content\\\/uploads\\\/2024\\\/02\\\/logo-ST-IT-CLOUD.svg\",\"width\":70,\"height\":79,\"caption\":\"ST IT Cloud\"},\"image\":{\"@id\":\"https:\\\/\\\/www.stitcloud.com\\\/#\\\/schema\\\/logo\\\/image\\\/\"}}]}<\/script>\n<!-- \/ Yoast SEO Premium plugin. -->","yoast_head_json":{"title":"Carreiras - ST IT Cloud","description":"Descubra oportunidades de carreira em TI. Junte-se a nossa equipe e desenvolva seu potencial com a ST IT Cloud","robots":{"index":"index","follow":"follow","max-snippet":"max-snippet:-1","max-image-preview":"max-image-preview:large","max-video-preview":"max-video-preview:-1"},"canonical":"https:\/\/www.stitcloud.com\/en\/carreiras\/","og_locale":"en_US","og_type":"article","og_title":"Carreiras ST IT.","og_description":"Carreiras - Inova\u00e7\u00e3o \u00e9 o que nos move, pensar fora da caixa, quebrar paradigmas, criar estrat\u00e9gias para abrir novos caminhos e ir al\u00e9m!","og_url":"https:\/\/www.stitcloud.com\/en\/carreiras\/","og_site_name":"ST IT Cloud","article_modified_time":"2025-07-12T12:19:14+00:00","og_image":[{"width":1919,"height":1098,"url":"https:\/\/www.stitcloud.com\/wp-content\/uploads\/2023\/05\/bg-carreiras.webp","type":"image\/webp"}],"twitter_card":"summary_large_image","twitter_title":"Carreiras ST IT.","twitter_description":"Carreiras - Inova\u00e7\u00e3o \u00e9 o que nos move, pensar fora da caixa, quebrar paradigmas, criar estrat\u00e9gias para abrir novos caminhos e ir al\u00e9m!","twitter_misc":{"Est. reading time":"5 minutes"},"schema":{"@context":"https:\/\/schema.org","@graph":[{"@type":"WebPage","@id":"https:\/\/www.stitcloud.com\/carreiras\/","url":"https:\/\/www.stitcloud.com\/carreiras\/","name":"Carreiras - ST IT Cloud","isPartOf":{"@id":"https:\/\/www.stitcloud.com\/#website"},"primaryImageOfPage":{"@id":"https:\/\/www.stitcloud.com\/carreiras\/#primaryimage"},"image":{"@id":"https:\/\/www.stitcloud.com\/carreiras\/#primaryimage"},"thumbnailUrl":"https:\/\/s.w.org\/images\/core\/emoji\/14.0.0\/svg\/1f4bb.svg","datePublished":"2023-05-03T18:01:02+00:00","dateModified":"2025-07-12T12:19:14+00:00","description":"Descubra oportunidades de carreira em TI. Junte-se a nossa equipe e desenvolva seu potencial com a ST IT Cloud","breadcrumb":{"@id":"https:\/\/www.stitcloud.com\/carreiras\/#breadcrumb"},"inLanguage":"en-US","potentialAction":[{"@type":"ReadAction","target":["https:\/\/www.stitcloud.com\/carreiras\/"]}]},{"@type":"ImageObject","inLanguage":"en-US","@id":"https:\/\/www.stitcloud.com\/carreiras\/#primaryimage","url":"https:\/\/s.w.org\/images\/core\/emoji\/14.0.0\/svg\/1f4bb.svg","contentUrl":"https:\/\/s.w.org\/images\/core\/emoji\/14.0.0\/svg\/1f4bb.svg"},{"@type":"BreadcrumbList","@id":"https:\/\/www.stitcloud.com\/carreiras\/#breadcrumb","itemListElement":[{"@type":"ListItem","position":1,"name":"In\u00edcio","item":"https:\/\/www.stitcloud.com\/"},{"@type":"ListItem","position":2,"name":"Carreiras"}]},{"@type":"WebSite","@id":"https:\/\/www.stitcloud.com\/#website","url":"https:\/\/www.stitcloud.com\/","name":"ST IT Cloud","description":"Especialistas em Data Analytics, IA e Machine Learning","publisher":{"@id":"https:\/\/www.stitcloud.com\/#organization"},"potentialAction":[{"@type":"SearchAction","target":{"@type":"EntryPoint","urlTemplate":"https:\/\/www.stitcloud.com\/?s={search_term_string}"},"query-input":{"@type":"PropertyValueSpecification","valueRequired":true,"valueName":"search_term_string"}}],"inLanguage":"en-US"},{"@type":"Organization","@id":"https:\/\/www.stitcloud.com\/#organization","name":"ST IT Cloud","url":"https:\/\/www.stitcloud.com\/","logo":{"@type":"ImageObject","inLanguage":"en-US","@id":"https:\/\/www.stitcloud.com\/#\/schema\/logo\/image\/","url":"https:\/\/www.stitcloud.com\/wp-content\/uploads\/2024\/02\/logo-ST-IT-CLOUD.svg","contentUrl":"https:\/\/www.stitcloud.com\/wp-content\/uploads\/2024\/02\/logo-ST-IT-CLOUD.svg","width":70,"height":79,"caption":"ST IT Cloud"},"image":{"@id":"https:\/\/www.stitcloud.com\/#\/schema\/logo\/image\/"}}]}},"_links":{"self":[{"href":"https:\/\/www.stitcloud.com\/en\/wp-json\/wp\/v2\/pages\/1354","targetHints":{"allow":["GET"]}}],"collection":[{"href":"https:\/\/www.stitcloud.com\/en\/wp-json\/wp\/v2\/pages"}],"about":[{"href":"https:\/\/www.stitcloud.com\/en\/wp-json\/wp\/v2\/types\/page"}],"author":[{"embeddable":true,"href":"https:\/\/www.stitcloud.com\/en\/wp-json\/wp\/v2\/users\/2"}],"replies":[{"embeddable":true,"href":"https:\/\/www.stitcloud.com\/en\/wp-json\/wp\/v2\/comments?post=1354"}],"version-history":[{"count":0,"href":"https:\/\/www.stitcloud.com\/en\/wp-json\/wp\/v2\/pages\/1354\/revisions"}],"wp:attachment":[{"href":"https:\/\/www.stitcloud.com\/en\/wp-json\/wp\/v2\/media?parent=1354"}],"curies":[{"name":"wp","href":"https:\/\/api.w.org\/{rel}","templated":true}]}}