{"id":482,"date":"2023-04-20T11:45:55","date_gmt":"2023-04-20T11:45:55","guid":{"rendered":"http:\/\/34.205.111.85\/?page_id=482"},"modified":"2025-05-30T18:51:27","modified_gmt":"2025-05-30T18:51:27","slug":"contato","status":"publish","type":"page","link":"https:\/\/www.stitcloud.com\/en\/contato\/","title":{"rendered":"Contact"},"content":{"rendered":"<div data-elementor-type=\"wp-page\" data-elementor-id=\"482\" class=\"elementor elementor-482\" data-elementor-post-type=\"page\">\n\t\t\t\t<div class=\"elementor-element elementor-element-3e37a7f e-con-full e-flex e-con e-parent\" data-id=\"3e37a7f\" data-element_type=\"container\" data-e-type=\"container\" data-settings=\"{&quot;background_background&quot;:&quot;classic&quot;}\">\n\t\t<div class=\"elementor-element elementor-element-e0f96a1 e-con-full e-flex e-con e-child\" data-id=\"e0f96a1\" data-element_type=\"container\" data-e-type=\"container\">\n\t\t<div class=\"elementor-element elementor-element-7d83b34 e-con-full e-flex e-con e-child\" data-id=\"7d83b34\" data-element_type=\"container\" data-e-type=\"container\">\n\t\t\t\t<div class=\"elementor-element elementor-element-b13f1e5 elementor-invisible elementor-widget elementor-widget-heading\" data-id=\"b13f1e5\" data-element_type=\"widget\" data-e-type=\"widget\" data-settings=\"{&quot;_animation&quot;:&quot;fadeIn&quot;,&quot;_animation_delay&quot;:200}\" data-widget_type=\"heading.default\">\n\t\t\t\t<div class=\"elementor-widget-container\">\n\t\t\t\t\t<h1 class=\"elementor-heading-title elementor-size-default\">Talk to us! <span class=\"amarelo\">ST IT Cloud<\/span><\/h1>\t\t\t\t<\/div>\n\t\t\t\t<\/div>\n\t\t\t\t<div class=\"elementor-element elementor-element-e0001ce elementor-widget elementor-widget-text-editor\" data-id=\"e0001ce\" data-element_type=\"widget\" data-e-type=\"widget\" data-widget_type=\"text-editor.default\">\n\t\t\t\t<div class=\"elementor-widget-container\">\n\t\t\t\t\t\t\t\t\t<p>Nossa equipe de especialistas est\u00e1 pronta para ajudar sua empresa a impulsionar a inova\u00e7\u00e3o.<\/p><p>Entre em contato e vamos conversar!<\/p>\t\t\t\t\t\t\t\t<\/div>\n\t\t\t\t<\/div>\n\t\t\t\t<\/div>\n\t\t<div class=\"elementor-element elementor-element-358b6b6 e-con-full e-flex e-con e-child\" data-id=\"358b6b6\" data-element_type=\"container\" data-e-type=\"container\" data-settings=\"{&quot;background_background&quot;:&quot;classic&quot;}\">\n\t\t\t\t<div class=\"elementor-element elementor-element-aa0f695 elementor-widget__width-inherit elementor-widget elementor-widget-image\" data-id=\"aa0f695\" data-element_type=\"widget\" data-e-type=\"widget\" data-widget_type=\"image.default\">\n\t\t\t\t<div class=\"elementor-widget-container\">\n\t\t\t\t\t\t\t\t\t\t\t\t\t\t\t<img decoding=\"async\" width=\"189\" height=\"189\" src=\"https:\/\/www.stitcloud.com\/wp-content\/uploads\/2023\/04\/como-podemos-ajudar.png\" class=\"attachment-large size-large wp-image-485\" alt=\"\u00edcone de envelope representando o formul\u00e1rio de contato\" srcset=\"https:\/\/www.stitcloud.com\/wp-content\/uploads\/2023\/04\/como-podemos-ajudar.png 189w, https:\/\/www.stitcloud.com\/wp-content\/uploads\/2023\/04\/como-podemos-ajudar-150x150.png 150w\" sizes=\"(max-width: 189px) 100vw, 189px\" \/>\t\t\t\t\t\t\t\t\t\t\t\t\t\t\t<\/div>\n\t\t\t\t<\/div>\n\t\t\t\t<div class=\"elementor-element elementor-element-92b4221 elementor-widget__width-inherit elementor-button-align-stretch elementor-widget elementor-widget-form\" data-id=\"92b4221\" data-element_type=\"widget\" data-e-type=\"widget\" data-settings=\"{&quot;step_next_label&quot;:&quot;Next&quot;,&quot;step_previous_label&quot;:&quot;Previous&quot;,&quot;button_width&quot;:&quot;100&quot;,&quot;step_type&quot;:&quot;number_text&quot;,&quot;step_icon_shape&quot;:&quot;circle&quot;}\" data-widget_type=\"form.default\">\n\t\t\t\t<div class=\"elementor-widget-container\">\n\t\t\t\t\t\t\t<form class=\"elementor-form\" method=\"post\" name=\"Contato_Site\" aria-label=\"Contato_Site\" action=\"\">\n\t\t\t<input type=\"hidden\" name=\"post_id\" value=\"482\"\/>\n\t\t\t<input type=\"hidden\" name=\"form_id\" value=\"92b4221\"\/>\n\t\t\t<input type=\"hidden\" name=\"referer_title\" value=\"Contato - ST IT Cloud\" \/>\n\n\t\t\t\t\t\t\t<input type=\"hidden\" name=\"queried_id\" value=\"482\"\/>\n\t\t\t\n\t\t\t<div class=\"elementor-form-fields-wrapper elementor-labels-\">\n\t\t\t\t\t\t\t\t<div class=\"elementor-field-type-email elementor-field-group elementor-column elementor-field-group-email elementor-col-100 elementor-field-required\">\n\t\t\t\t\t\t\t\t\t\t\t\t<label for=\"form-field-email\" class=\"elementor-field-label elementor-screen-only\">\n\t\t\t\t\t\t\t\tEmail Corporativo\t\t\t\t\t\t\t<\/label>\n\t\t\t\t\t\t\t\t\t\t\t\t\t\t<input size=\"1\" type=\"email\" name=\"form_fields[email]\" id=\"form-field-email\" class=\"elementor-field elementor-size-sm  elementor-field-textual\" placeholder=\"Email Corporativo\" required=\"required\">\n\t\t\t\t\t\t\t\t\t\t\t<\/div>\n\t\t\t\t\t\t\t\t<div class=\"elementor-field-type-text elementor-field-group elementor-column elementor-field-group-field_254cb8c elementor-col-100 elementor-field-required\">\n\t\t\t\t\t\t\t\t\t\t\t\t<label for=\"form-field-field_254cb8c\" class=\"elementor-field-label elementor-screen-only\">\n\t\t\t\t\t\t\t\tCompany\t\t\t\t\t\t\t<\/label>\n\t\t\t\t\t\t\t\t\t\t\t\t\t\t<input size=\"1\" type=\"text\" name=\"form_fields[field_254cb8c]\" id=\"form-field-field_254cb8c\" class=\"elementor-field elementor-size-sm  elementor-field-textual\" placeholder=\"Company\" required=\"required\">\n\t\t\t\t\t\t\t\t\t\t\t<\/div>\n\t\t\t\t\t\t\t\t<div class=\"elementor-field-type-text elementor-field-group elementor-column elementor-field-group-name elementor-col-100 elementor-field-required\">\n\t\t\t\t\t\t\t\t\t\t\t\t<label for=\"form-field-name\" class=\"elementor-field-label elementor-screen-only\">\n\t\t\t\t\t\t\t\tName\t\t\t\t\t\t\t<\/label>\n\t\t\t\t\t\t\t\t\t\t\t\t\t\t<input size=\"1\" type=\"text\" name=\"form_fields[name]\" id=\"form-field-name\" class=\"elementor-field elementor-size-sm  elementor-field-textual\" placeholder=\"Name\" required=\"required\">\n\t\t\t\t\t\t\t\t\t\t\t<\/div>\n\t\t\t\t\t\t\t\t<div class=\"elementor-field-type-tel elementor-field-group elementor-column elementor-field-group-telefone elementor-col-100 elementor-field-required\">\n\t\t\t\t\t\t\t\t\t\t\t\t<label for=\"form-field-telefone\" class=\"elementor-field-label elementor-screen-only\">\n\t\t\t\t\t\t\t\tTelephone\t\t\t\t\t\t\t<\/label>\n\t\t\t\t\t\t\t\t<input size=\"1\" type=\"tel\" name=\"form_fields[telefone]\" id=\"form-field-telefone\" class=\"elementor-field elementor-size-sm  elementor-field-textual\" placeholder=\"Telephone\" required=\"required\" pattern=\"[0-9()#&amp;+*-=.]+\" title=\"Apenas n\u00fameros e caracteres de telefone (#, -, *, etc.) s\u00e3o aceitos.\" data-no-translation-title=\"\">\n\n\t\t\t\t\t\t<\/div>\n\t\t\t\t\t\t\t\t<div class=\"elementor-field-type-textarea elementor-field-group elementor-column elementor-field-group-field_70d9c91 elementor-col-100\">\n\t\t\t\t\t\t\t\t\t\t\t\t<label for=\"form-field-field_70d9c91\" class=\"elementor-field-label elementor-screen-only\">\n\t\t\t\t\t\t\t\tDemand\t\t\t\t\t\t\t<\/label>\n\t\t\t\t\t\t<textarea class=\"elementor-field-textual elementor-field  elementor-size-sm\" name=\"form_fields[field_70d9c91]\" id=\"form-field-field_70d9c91\" rows=\"4\" placeholder=\"Tell us about your demand\"><\/textarea>\t\t\t\t<\/div>\n\t\t\t\t\t\t\t\t<div class=\"elementor-field-type-acceptance elementor-field-group elementor-column elementor-field-group-privacidade elementor-col-100 elementor-field-required\">\n\t\t\t\t\t\t\t<div class=\"elementor-field-subgroup\">\n\t\t\t<span class=\"elementor-field-option\">\n\t\t\t\t<input type=\"checkbox\" name=\"form_fields[privacidade]\" id=\"form-field-privacidade\" class=\"elementor-field elementor-size-sm  elementor-acceptance-field\" required=\"required\">\n\t\t\t\t<label for=\"form-field-privacidade\">I agree with the terms and conditions of <a style=\"color:  #daac3f; font-weight: 500;\"href=\"https:\/\/www.stitcloud.com\/en\/politica-de-privacidade\/\"> Privacy Policy<\/a>.<\/label>\t\t\t<\/span>\n\t\t<\/div>\n\t\t\t\t\t\t<\/div>\n\t\t\t\t\t\t\t\t<div class=\"elementor-field-type-html elementor-field-group elementor-column elementor-field-group-field_0a08851 elementor-col-100\">\n\t\t\t\t\tThis site is protected by reCAPTCHA and\n    <a href=\"https:\/\/policies.google.com\/privacy\">Privacy Policy<\/a> and\n    <a href=\"https:\/\/policies.google.com\/terms\">Terms of use<\/a> Of google\t\t\t\t<\/div>\n\t\t\t\t\t\t\t\t<div class=\"elementor-field-type-recaptcha_v3 elementor-field-group elementor-column elementor-field-group-field_320842b elementor-col-100 recaptcha_v3-bottomright\">\n\t\t\t\t\t<div class=\"elementor-field\" id=\"form-field-field_320842b\"><div class=\"elementor-g-recaptcha\" data-sitekey=\"6LeHGlYpAAAAACG3_R8whn8jLXlHWc84SyblQepj\" data-type=\"v3\" data-action=\"Form\" data-badge=\"bottomright\" data-size=\"invisible\"><\/div><\/div>\t\t\t\t<\/div>\n\t\t\t\t\t\t\t\t<div class=\"elementor-field-group elementor-column elementor-field-type-submit elementor-col-100 e-form__buttons\">\n\t\t\t\t\t<button class=\"elementor-button elementor-size-sm\" type=\"submit\">\n\t\t\t\t\t\t<span class=\"elementor-button-content-wrapper\">\n\t\t\t\t\t\t\t\t\t\t\t\t\t\t\t\t\t\t\t\t\t\t<span class=\"elementor-button-text\">SEND<\/span>\n\t\t\t\t\t\t\t\t\t\t\t\t\t<\/span>\n\t\t\t\t\t<\/button>\n\t\t\t\t<\/div>\n\t\t\t<\/div>\n\t\t<input type=\"hidden\" name=\"trp-form-language\" value=\"en\"\/><\/form>\n\t\t\t\t\t\t<\/div>\n\t\t\t\t<\/div>\n\t\t\t\t<\/div>\n\t\t\t\t<\/div>\n\t\t\t\t<\/div>\n\t\t\t\t<\/div>","protected":false},"excerpt":{"rendered":"<p>Fale com a ST IT Cloud Nossa equipe de especialistas est\u00e1 pronta para ajudar sua empresa a impulsionar a inova\u00e7\u00e3o. Entre em contato e vamos conversar!<\/p>","protected":false},"author":2,"featured_media":0,"parent":0,"menu_order":0,"comment_status":"closed","ping_status":"closed","template":"","meta":{"footnotes":""},"class_list":["post-482","page","type-page","status-publish","hentry"],"yoast_head":"<!-- This site is optimized with the Yoast SEO Premium plugin v27.3 (Yoast SEO v27.3) - https:\/\/yoast.com\/product\/yoast-seo-premium-wordpress\/ -->\n<title>Contato - ST IT Cloud<\/title>\n<meta name=\"description\" content=\"Contato - Fale conosco\" \/>\n<meta name=\"robots\" content=\"index, follow, max-snippet:-1, max-image-preview:large, max-video-preview:-1\" \/>\n<link rel=\"canonical\" href=\"http:\/\/www.stitcloud.com\/en\/contato\/\" \/>\n<meta property=\"og:locale\" content=\"en_US\" \/>\n<meta property=\"og:type\" content=\"article\" \/>\n<meta property=\"og:title\" content=\"Contato - ST IT Cloud\" \/>\n<meta property=\"og:description\" content=\"Contato - Fale conosco\" \/>\n<meta property=\"og:url\" content=\"http:\/\/www.stitcloud.com\/en\/contato\/\" \/>\n<meta property=\"og:site_name\" content=\"ST IT Cloud\" \/>\n<meta property=\"article:modified_time\" content=\"2025-05-30T18:51:27+00:00\" \/>\n<meta property=\"og:image\" content=\"https:\/\/www.stitcloud.com\/wp-content\/uploads\/2023\/04\/como-podemos-ajudar.png\" \/>\n<meta name=\"twitter:card\" content=\"summary_large_image\" \/>\n<meta name=\"twitter:label1\" content=\"Est. reading time\" \/>\n\t<meta name=\"twitter:data1\" content=\"1 minute\" \/>\n<script type=\"application\/ld+json\" class=\"yoast-schema-graph\">{\"@context\":\"https:\\\/\\\/schema.org\",\"@graph\":[{\"@type\":\"WebPage\",\"@id\":\"http:\\\/\\\/www.stitcloud.com\\\/en\\\/contato\\\/\",\"url\":\"http:\\\/\\\/www.stitcloud.com\\\/en\\\/contato\\\/\",\"name\":\"Contato - ST IT Cloud\",\"isPartOf\":{\"@id\":\"https:\\\/\\\/www.stitcloud.com\\\/#website\"},\"primaryImageOfPage\":{\"@id\":\"http:\\\/\\\/www.stitcloud.com\\\/en\\\/contato\\\/#primaryimage\"},\"image\":{\"@id\":\"http:\\\/\\\/www.stitcloud.com\\\/en\\\/contato\\\/#primaryimage\"},\"thumbnailUrl\":\"https:\\\/\\\/www.stitcloud.com\\\/wp-content\\\/uploads\\\/2023\\\/04\\\/como-podemos-ajudar.png\",\"datePublished\":\"2023-04-20T11:45:55+00:00\",\"dateModified\":\"2025-05-30T18:51:27+00:00\",\"description\":\"Contato - Fale conosco\",\"breadcrumb\":{\"@id\":\"http:\\\/\\\/www.stitcloud.com\\\/en\\\/contato\\\/#breadcrumb\"},\"inLanguage\":\"en-US\",\"potentialAction\":[{\"@type\":\"ReadAction\",\"target\":[\"http:\\\/\\\/www.stitcloud.com\\\/en\\\/contato\\\/\"]}]},{\"@type\":\"ImageObject\",\"inLanguage\":\"en-US\",\"@id\":\"http:\\\/\\\/www.stitcloud.com\\\/en\\\/contato\\\/#primaryimage\",\"url\":\"https:\\\/\\\/www.stitcloud.com\\\/wp-content\\\/uploads\\\/2023\\\/04\\\/como-podemos-ajudar.png\",\"contentUrl\":\"https:\\\/\\\/www.stitcloud.com\\\/wp-content\\\/uploads\\\/2023\\\/04\\\/como-podemos-ajudar.png\"},{\"@type\":\"BreadcrumbList\",\"@id\":\"http:\\\/\\\/www.stitcloud.com\\\/en\\\/contato\\\/#breadcrumb\",\"itemListElement\":[{\"@type\":\"ListItem\",\"position\":1,\"name\":\"In\u00edcio\",\"item\":\"https:\\\/\\\/www.stitcloud.com\\\/\"},{\"@type\":\"ListItem\",\"position\":2,\"name\":\"Contato\"}]},{\"@type\":\"WebSite\",\"@id\":\"https:\\\/\\\/www.stitcloud.com\\\/#website\",\"url\":\"https:\\\/\\\/www.stitcloud.com\\\/\",\"name\":\"ST IT Cloud\",\"description\":\"Especialistas em Data Analytics, IA e Machine Learning\",\"publisher\":{\"@id\":\"https:\\\/\\\/www.stitcloud.com\\\/#organization\"},\"potentialAction\":[{\"@type\":\"SearchAction\",\"target\":{\"@type\":\"EntryPoint\",\"urlTemplate\":\"https:\\\/\\\/www.stitcloud.com\\\/?s={search_term_string}\"},\"query-input\":{\"@type\":\"PropertyValueSpecification\",\"valueRequired\":true,\"valueName\":\"search_term_string\"}}],\"inLanguage\":\"en-US\"},{\"@type\":\"Organization\",\"@id\":\"https:\\\/\\\/www.stitcloud.com\\\/#organization\",\"name\":\"ST IT Cloud\",\"url\":\"https:\\\/\\\/www.stitcloud.com\\\/\",\"logo\":{\"@type\":\"ImageObject\",\"inLanguage\":\"en-US\",\"@id\":\"https:\\\/\\\/www.stitcloud.com\\\/#\\\/schema\\\/logo\\\/image\\\/\",\"url\":\"https:\\\/\\\/www.stitcloud.com\\\/wp-content\\\/uploads\\\/2024\\\/02\\\/logo-ST-IT-CLOUD.svg\",\"contentUrl\":\"https:\\\/\\\/www.stitcloud.com\\\/wp-content\\\/uploads\\\/2024\\\/02\\\/logo-ST-IT-CLOUD.svg\",\"width\":70,\"height\":79,\"caption\":\"ST IT Cloud\"},\"image\":{\"@id\":\"https:\\\/\\\/www.stitcloud.com\\\/#\\\/schema\\\/logo\\\/image\\\/\"}}]}<\/script>\n<!-- \/ Yoast SEO Premium plugin. -->","yoast_head_json":{"title":"Contato - ST IT Cloud","description":"Contato - Fale conosco","robots":{"index":"index","follow":"follow","max-snippet":"max-snippet:-1","max-image-preview":"max-image-preview:large","max-video-preview":"max-video-preview:-1"},"canonical":"http:\/\/www.stitcloud.com\/en\/contato\/","og_locale":"en_US","og_type":"article","og_title":"Contato - ST IT Cloud","og_description":"Contato - Fale conosco","og_url":"http:\/\/www.stitcloud.com\/en\/contato\/","og_site_name":"ST IT Cloud","article_modified_time":"2025-05-30T18:51:27+00:00","og_image":[{"url":"https:\/\/www.stitcloud.com\/wp-content\/uploads\/2023\/04\/como-podemos-ajudar.png","type":"","width":"","height":""}],"twitter_card":"summary_large_image","twitter_misc":{"Est. reading time":"1 minute"},"schema":{"@context":"https:\/\/schema.org","@graph":[{"@type":"WebPage","@id":"http:\/\/www.stitcloud.com\/en\/contato\/","url":"http:\/\/www.stitcloud.com\/en\/contato\/","name":"Contato - ST IT Cloud","isPartOf":{"@id":"https:\/\/www.stitcloud.com\/#website"},"primaryImageOfPage":{"@id":"http:\/\/www.stitcloud.com\/en\/contato\/#primaryimage"},"image":{"@id":"http:\/\/www.stitcloud.com\/en\/contato\/#primaryimage"},"thumbnailUrl":"https:\/\/www.stitcloud.com\/wp-content\/uploads\/2023\/04\/como-podemos-ajudar.png","datePublished":"2023-04-20T11:45:55+00:00","dateModified":"2025-05-30T18:51:27+00:00","description":"Contato - Fale conosco","breadcrumb":{"@id":"http:\/\/www.stitcloud.com\/en\/contato\/#breadcrumb"},"inLanguage":"en-US","potentialAction":[{"@type":"ReadAction","target":["http:\/\/www.stitcloud.com\/en\/contato\/"]}]},{"@type":"ImageObject","inLanguage":"en-US","@id":"http:\/\/www.stitcloud.com\/en\/contato\/#primaryimage","url":"https:\/\/www.stitcloud.com\/wp-content\/uploads\/2023\/04\/como-podemos-ajudar.png","contentUrl":"https:\/\/www.stitcloud.com\/wp-content\/uploads\/2023\/04\/como-podemos-ajudar.png"},{"@type":"BreadcrumbList","@id":"http:\/\/www.stitcloud.com\/en\/contato\/#breadcrumb","itemListElement":[{"@type":"ListItem","position":1,"name":"In\u00edcio","item":"https:\/\/www.stitcloud.com\/"},{"@type":"ListItem","position":2,"name":"Contato"}]},{"@type":"WebSite","@id":"https:\/\/www.stitcloud.com\/#website","url":"https:\/\/www.stitcloud.com\/","name":"ST IT Cloud","description":"Especialistas em Data Analytics, IA e Machine Learning","publisher":{"@id":"https:\/\/www.stitcloud.com\/#organization"},"potentialAction":[{"@type":"SearchAction","target":{"@type":"EntryPoint","urlTemplate":"https:\/\/www.stitcloud.com\/?s={search_term_string}"},"query-input":{"@type":"PropertyValueSpecification","valueRequired":true,"valueName":"search_term_string"}}],"inLanguage":"en-US"},{"@type":"Organization","@id":"https:\/\/www.stitcloud.com\/#organization","name":"ST IT Cloud","url":"https:\/\/www.stitcloud.com\/","logo":{"@type":"ImageObject","inLanguage":"en-US","@id":"https:\/\/www.stitcloud.com\/#\/schema\/logo\/image\/","url":"https:\/\/www.stitcloud.com\/wp-content\/uploads\/2024\/02\/logo-ST-IT-CLOUD.svg","contentUrl":"https:\/\/www.stitcloud.com\/wp-content\/uploads\/2024\/02\/logo-ST-IT-CLOUD.svg","width":70,"height":79,"caption":"ST IT Cloud"},"image":{"@id":"https:\/\/www.stitcloud.com\/#\/schema\/logo\/image\/"}}]}},"_links":{"self":[{"href":"https:\/\/www.stitcloud.com\/en\/wp-json\/wp\/v2\/pages\/482","targetHints":{"allow":["GET"]}}],"collection":[{"href":"https:\/\/www.stitcloud.com\/en\/wp-json\/wp\/v2\/pages"}],"about":[{"href":"https:\/\/www.stitcloud.com\/en\/wp-json\/wp\/v2\/types\/page"}],"author":[{"embeddable":true,"href":"https:\/\/www.stitcloud.com\/en\/wp-json\/wp\/v2\/users\/2"}],"replies":[{"embeddable":true,"href":"https:\/\/www.stitcloud.com\/en\/wp-json\/wp\/v2\/comments?post=482"}],"version-history":[{"count":0,"href":"https:\/\/www.stitcloud.com\/en\/wp-json\/wp\/v2\/pages\/482\/revisions"}],"wp:attachment":[{"href":"https:\/\/www.stitcloud.com\/en\/wp-json\/wp\/v2\/media?parent=482"}],"curies":[{"name":"wp","href":"https:\/\/api.w.org\/{rel}","templated":true}]}}