{"id":871,"date":"2023-04-26T15:25:47","date_gmt":"2023-04-26T15:25:47","guid":{"rendered":"https:\/\/lp.stitcloud.com\/?page_id=871"},"modified":"2024-12-06T18:21:01","modified_gmt":"2024-12-06T18:21:01","slug":"internet-of-things","status":"publish","type":"page","link":"https:\/\/www.stitcloud.com\/en\/internet-of-things\/","title":{"rendered":"IoT \u2013 Internet of Things"},"content":{"rendered":"<div data-elementor-type=\"wp-page\" data-elementor-id=\"871\" class=\"elementor elementor-871\" data-elementor-post-type=\"page\">\n\t\t\t\t<div class=\"elementor-element elementor-element-3162d05 e-con-full e-flex e-con e-parent\" data-id=\"3162d05\" data-element_type=\"container\" data-e-type=\"container\" data-settings=\"{&quot;background_background&quot;:&quot;classic&quot;}\">\n\t\t<div class=\"elementor-element elementor-element-bf416b4 e-con-full e-flex e-con e-child\" data-id=\"bf416b4\" data-element_type=\"container\" data-e-type=\"container\">\n\t\t\t\t<div class=\"elementor-element elementor-element-34b9f17 elementor-absolute elementor-widget elementor-widget-image\" data-id=\"34b9f17\" data-element_type=\"widget\" data-e-type=\"widget\" data-settings=\"{&quot;_position&quot;:&quot;absolute&quot;}\" data-widget_type=\"image.default\">\n\t\t\t\t<div class=\"elementor-widget-container\">\n\t\t\t\t\t\t\t\t\t\t\t\t\t\t\t<img fetchpriority=\"high\" decoding=\"async\" width=\"800\" height=\"654\" src=\"https:\/\/www.stitcloud.com\/wp-content\/uploads\/2023\/04\/Vector-1-1.webp\" class=\"attachment-large size-large wp-image-101\" alt=\"\" srcset=\"https:\/\/www.stitcloud.com\/wp-content\/uploads\/2023\/04\/Vector-1-1.webp 804w, https:\/\/www.stitcloud.com\/wp-content\/uploads\/2023\/04\/Vector-1-1-300x245.webp 300w, https:\/\/www.stitcloud.com\/wp-content\/uploads\/2023\/04\/Vector-1-1-768x628.webp 768w\" sizes=\"(max-width: 800px) 100vw, 800px\" \/>\t\t\t\t\t\t\t\t\t\t\t\t\t\t\t<\/div>\n\t\t\t\t<\/div>\n\t\t\t\t<div class=\"elementor-element elementor-element-818c29f elementor-widget elementor-widget-heading\" data-id=\"818c29f\" data-element_type=\"widget\" data-e-type=\"widget\" data-widget_type=\"heading.default\">\n\t\t\t\t<div class=\"elementor-widget-container\">\n\t\t\t\t\t<h1 class=\"elementor-heading-title elementor-size-default\">IoT (Internet of Things)<\/h1>\t\t\t\t<\/div>\n\t\t\t\t<\/div>\n\t\t\t\t<div class=\"elementor-element elementor-element-885ce1e elementor-widget elementor-widget-heading\" data-id=\"885ce1e\" data-element_type=\"widget\" data-e-type=\"widget\" data-widget_type=\"heading.default\">\n\t\t\t\t<div class=\"elementor-widget-container\">\n\t\t\t\t\t<h2 class=\"elementor-heading-title elementor-size-default\">Innovation and efficiency in real time the future is now<\/h2>\t\t\t\t<\/div>\n\t\t\t\t<\/div>\n\t\t\t\t<div class=\"elementor-element elementor-element-adcc7e0 elementor-widget elementor-widget-text-editor\" data-id=\"adcc7e0\" data-element_type=\"widget\" data-e-type=\"widget\" data-widget_type=\"text-editor.default\">\n\t\t\t\t<div class=\"elementor-widget-container\">\n\t\t\t\t\t\t\t\t\t<p>IoT - Connecting the real world to the digital age<\/p>\t\t\t\t\t\t\t\t<\/div>\n\t\t\t\t<\/div>\n\t\t\t\t<div class=\"elementor-element elementor-element-d6f5e4b elementor-align-left elementor-mobile-align-left elementor-widget elementor-widget-button\" data-id=\"d6f5e4b\" data-element_type=\"widget\" data-e-type=\"widget\" data-widget_type=\"button.default\">\n\t\t\t\t<div class=\"elementor-widget-container\">\n\t\t\t\t\t\t\t\t\t<div class=\"elementor-button-wrapper\">\n\t\t\t\t\t<a class=\"elementor-button elementor-button-link elementor-size-sm elementor-animation-shrink\" href=\"https:\/\/www.stitcloud.com\/en\/contato\/\">\n\t\t\t\t\t\t<span class=\"elementor-button-content-wrapper\">\n\t\t\t\t\t\t\t\t\t<span class=\"elementor-button-text\">TALK TO OUR EXPERT<\/span>\n\t\t\t\t\t<\/span>\n\t\t\t\t\t<\/a>\n\t\t\t\t<\/div>\n\t\t\t\t\t\t\t\t<\/div>\n\t\t\t\t<\/div>\n\t\t\t\t<div class=\"elementor-element elementor-element-a6eca1a elementor-position-inline-start elementor-widget__width-initial elementor-view-default elementor-invisible elementor-widget elementor-widget-icon-box\" data-id=\"a6eca1a\" data-element_type=\"widget\" data-e-type=\"widget\" data-settings=\"{&quot;_animation&quot;:&quot;fadeInUp&quot;,&quot;_animation_delay&quot;:600}\" data-widget_type=\"icon-box.default\">\n\t\t\t\t<div class=\"elementor-widget-container\">\n\t\t\t\t\t\t\t<div class=\"elementor-icon-box-wrapper\">\n\n\t\t\t\t\t\t<div class=\"elementor-icon-box-icon\">\n\t\t\t\t<span  class=\"elementor-icon\">\n\t\t\t\t<svg xmlns=\"http:\/\/www.w3.org\/2000\/svg\" width=\"48\" height=\"42\" viewbox=\"0 0 48 42\" fill=\"none\"><g clip-path=\"url(#clip0_1152_82)\"><path d=\"M23.125 5.25C24.8453 5.25013 26.5183 5.81334 27.8885 6.85359C29.2586 7.89385 30.2506 9.35399 30.713 11.011L30.804 11.3698L34.0765 10.5525C34.3157 10.493 34.5648 10.4846 34.8074 10.528C35.05 10.5715 35.2808 10.6656 35.4845 10.8044C35.6882 10.9432 35.8603 11.1234 35.9895 11.3334C36.1187 11.5433 36.2021 11.7781 36.2342 12.0225L36.25 12.25V15.4175C37.2366 16.3634 38.0451 17.479 38.637 18.711L38.8785 19.25H39.75C40.1786 19.2501 40.5923 19.4074 40.9127 19.6923C41.233 19.9771 41.4376 20.3696 41.4878 20.7953L41.5 21V26.25C41.5 26.538 41.429 26.8216 41.2931 27.0756C41.1573 27.3296 40.9609 27.5461 40.7213 27.706L40.5322 27.8145L38.4882 28.8382C37.6515 30.4572 36.4394 31.8523 34.9533 32.907L34.5 33.2115V35C34.4999 35.4286 34.3426 35.8423 34.0577 36.1627C33.7729 36.483 33.3804 36.6876 32.9548 36.7378L32.75 36.75H27.5C27.0714 36.7499 26.6577 36.5926 26.3373 36.3077C26.017 36.0229 25.8124 35.6304 25.7622 35.2048L25.75 35H24C23.9999 35.4286 23.8426 35.8423 23.5577 36.1627C23.2729 36.483 22.8804 36.6876 22.4547 36.7378L22.25 36.75H17C16.5714 36.7499 16.1577 36.5926 15.8373 36.3077C15.517 36.0229 15.3124 35.6304 15.2622 35.2048L15.25 35V33.2115C13.9858 32.4032 12.8937 31.3531 12.0366 30.1215C11.1795 28.8899 10.5742 27.501 10.2555 26.0347C9.22357 25.7276 8.31093 25.1109 7.64109 24.2679C6.97126 23.425 6.57659 22.3966 6.5105 21.322L6.5 21V20.125C6.50049 19.679 6.67129 19.2499 6.97748 18.9256C7.28368 18.6013 7.70217 18.4061 8.14744 18.3799C8.59271 18.3538 9.03116 18.4987 9.37321 18.785C9.71525 19.0712 9.93507 19.4773 9.98775 19.9203L10 20.125V21C10 21.259 10.056 21.5058 10.1575 21.7262C10.4246 20.1507 11.0205 18.6491 11.9063 17.3192C12.7922 15.9892 13.9481 14.8607 15.299 14.007C15.1748 12.9053 15.2847 11.7899 15.6213 10.7336C15.958 9.67734 16.5139 8.70405 17.2526 7.87742C17.9914 7.05079 18.8963 6.38946 19.9083 5.93669C20.9202 5.48392 22.0164 5.24992 23.125 5.25ZM32.75 14.49L27.9235 15.6975L27.7135 15.7378L27.5 15.75H21.375C19.6055 15.7488 17.8872 16.3436 16.4971 17.4385C15.1071 18.5334 14.1262 20.0645 13.7128 21.785C13.2993 23.5055 13.4774 25.3151 14.2182 26.922C14.959 28.5289 16.2195 29.8395 17.7962 30.6425C18.0503 30.7724 18.2687 30.9624 18.4325 31.1961C18.5963 31.4297 18.7005 31.6999 18.736 31.983L18.75 32.2V33.25H20.5C20.5001 32.8214 20.6574 32.4077 20.9423 32.0873C21.2271 31.767 21.6196 31.5624 22.0453 31.5122L22.25 31.5H27.5C27.9286 31.5001 28.3423 31.6574 28.6627 31.9423C28.983 32.2271 29.1876 32.6196 29.2378 33.0452L29.25 33.25H31V32.2C31.0002 31.8777 31.0893 31.5618 31.2576 31.287C31.4259 31.0121 31.6668 30.7891 31.9538 30.6425C33.5596 29.8204 34.8364 28.4744 35.5728 26.8275C35.704 26.5329 35.9141 26.2803 36.18 26.0977L36.3883 25.9753L38 25.1685V22.75H37.6377C37.2567 22.7499 36.8861 22.6254 36.5822 22.3955C36.2784 22.1655 36.0579 21.8427 35.9542 21.476C35.5165 19.9365 34.6204 18.5668 33.3853 17.549C33.0425 17.2659 32.8204 16.8629 32.764 16.422L32.75 16.1997V14.4918V14.49ZM31 19.25C31.4641 19.25 31.9093 19.4344 32.2374 19.7626C32.5656 20.0908 32.75 20.5359 32.75 21C32.75 21.4641 32.5656 21.9092 32.2374 22.2374C31.9093 22.5656 31.4641 22.75 31 22.75C30.5359 22.75 30.0908 22.5656 29.7626 22.2374C29.4344 21.9092 29.25 21.4641 29.25 21C29.25 20.5359 29.4344 20.0908 29.7626 19.7626C30.0908 19.4344 30.5359 19.25 31 19.25ZM23.125 8.75C22.065 8.75 21.0411 9.13483 20.2435 9.83297C19.4459 10.5311 18.9288 11.4951 18.7885 12.5458C19.6366 12.3488 20.5044 12.2496 21.375 12.25H27.2847L27.4072 12.2202C27.1997 11.2384 26.661 10.3578 25.8813 9.72598C25.1017 9.09416 24.1285 8.74958 23.125 8.75Z\" fill=\"#0BA2B5\"><\/path><\/g><defs><clippath id=\"clip0_1152_82\"><rect width=\"42\" height=\"42\" fill=\"white\" transform=\"translate(3)\"><\/rect><\/clippath><\/defs><\/svg>\t\t\t\t<\/span>\n\t\t\t<\/div>\n\t\t\t\n\t\t\t\t\t\t<div class=\"elementor-icon-box-content\">\n\n\t\t\t\t\t\t\t\t\t<h3 class=\"elementor-icon-box-title\">\n\t\t\t\t\t\t<span  >\n\t\t\t\t\t\t\tOptimize your process and reduce costs with IoT technology.\t\t\t\t\t\t<\/span>\n\t\t\t\t\t<\/h3>\n\t\t\t\t\n\t\t\t\t\n\t\t\t<\/div>\n\t\t\t\n\t\t<\/div>\n\t\t\t\t\t\t<\/div>\n\t\t\t\t<\/div>\n\t\t\t\t<\/div>\n\t\t\t\t<\/div>\n\t\t<div class=\"elementor-element elementor-element-d48be4c e-con-full e-flex e-con e-parent\" data-id=\"d48be4c\" data-element_type=\"container\" data-e-type=\"container\">\n\t\t\t\t<div class=\"elementor-element elementor-element-a08e15d elementor-widget elementor-widget-heading\" data-id=\"a08e15d\" data-element_type=\"widget\" data-e-type=\"widget\" data-widget_type=\"heading.default\">\n\t\t\t\t<div class=\"elementor-widget-container\">\n\t\t\t\t\t<h2 class=\"elementor-heading-title elementor-size-default\">IoT (Internet of Things)<\/h2>\t\t\t\t<\/div>\n\t\t\t\t<\/div>\n\t\t\t\t<div class=\"elementor-element elementor-element-282e38b elementor-widget elementor-widget-text-editor\" data-id=\"282e38b\" data-element_type=\"widget\" data-e-type=\"widget\" data-widget_type=\"text-editor.default\">\n\t\t\t\t<div class=\"elementor-widget-container\">\n\t\t\t\t\t\t\t\t\t<p>Unlock the potential of your company with revolutionary Internet of Things technology; with it, you don't just keep up with the competition \u2013 you lead it.<\/p><p>Connect, control, and manage a variety of devices remotely and intelligently, obtaining valuable insights to drive your business forward.<\/p><p>Innovation is within your reach. Imagine being able to monitor your assets in real-time, predict failures before they happen, and optimize every process for maximum performance. With IoT, all this and much more becomes possible.<\/p><p>The digital future is waiting for you \u2013 and ST IT Cloud and its specialized team are here to help your company conquer it.<\/p>\t\t\t\t\t\t\t\t<\/div>\n\t\t\t\t<\/div>\n\t\t\t\t<div class=\"elementor-element elementor-element-5678748 elementor-invisible elementor-widget elementor-widget-image\" data-id=\"5678748\" data-element_type=\"widget\" data-e-type=\"widget\" data-settings=\"{&quot;_animation&quot;:&quot;bounceInUp&quot;}\" data-widget_type=\"image.default\">\n\t\t\t\t<div class=\"elementor-widget-container\">\n\t\t\t\t\t\t\t\t\t\t\t\t\t\t\t<img decoding=\"async\" width=\"1280\" height=\"573\" src=\"https:\/\/www.stitcloud.com\/wp-content\/uploads\/2023\/05\/fluxo-iot.png\" class=\"attachment-full size-full wp-image-2026\" alt=\"fluxo IOT\" srcset=\"https:\/\/www.stitcloud.com\/wp-content\/uploads\/2023\/05\/fluxo-iot.png 1280w, https:\/\/www.stitcloud.com\/wp-content\/uploads\/2023\/05\/fluxo-iot-300x134.png 300w, https:\/\/www.stitcloud.com\/wp-content\/uploads\/2023\/05\/fluxo-iot-1024x458.png 1024w, https:\/\/www.stitcloud.com\/wp-content\/uploads\/2023\/05\/fluxo-iot-768x344.png 768w\" sizes=\"(max-width: 1280px) 100vw, 1280px\" \/>\t\t\t\t\t\t\t\t\t\t\t\t\t\t\t<\/div>\n\t\t\t\t<\/div>\n\t\t\t\t<\/div>\n\t\t<div class=\"elementor-element elementor-element-9573387 e-con-full e-flex elementor-invisible e-con e-parent\" data-id=\"9573387\" data-element_type=\"container\" data-e-type=\"container\" data-settings=\"{&quot;animation&quot;:&quot;fadeInUp&quot;}\">\n\t\t<div class=\"elementor-element elementor-element-4f2dc3a e-con-full e-flex elementor-invisible e-con e-child\" data-id=\"4f2dc3a\" data-element_type=\"container\" data-e-type=\"container\" data-settings=\"{&quot;animation&quot;:&quot;fadeInRight&quot;}\">\n\t\t\t\t<div class=\"elementor-element elementor-element-98074b5 elementor-position-inline-end elementor-widget__width-initial elementor-view-default elementor-widget elementor-widget-icon-box\" data-id=\"98074b5\" data-element_type=\"widget\" data-e-type=\"widget\" data-settings=\"{&quot;_animation&quot;:&quot;none&quot;,&quot;_animation_delay&quot;:600}\" data-widget_type=\"icon-box.default\">\n\t\t\t\t<div class=\"elementor-widget-container\">\n\t\t\t\t\t\t\t<div class=\"elementor-icon-box-wrapper\">\n\n\t\t\t\t\t\t<div class=\"elementor-icon-box-icon\">\n\t\t\t\t<span  class=\"elementor-icon\">\n\t\t\t\t<svg xmlns=\"http:\/\/www.w3.org\/2000\/svg\" width=\"135\" height=\"69\" viewbox=\"0 0 135 69\" fill=\"none\"><rect y=\"69\" width=\"69\" height=\"135\" rx=\"34.5\" transform=\"rotate(-90 0 69)\" fill=\"url(#paint0_linear_1162_372)\"><\/rect><g clip-path=\"url(#clip0_1162_372)\"><path d=\"M90.0004 34.8381C89.7191 35.2374 89.4895 35.6875 89.1474 36.0269C86.3186 38.8275 83.4703 41.6089 80.6255 44.3936C79.8678 45.1345 78.8793 45.2001 78.1652 44.5689C77.404 43.8959 77.388 42.8044 78.1468 42.0556C79.9998 40.2289 81.8596 38.4101 83.7171 36.5879C83.8251 36.4827 83.9272 36.3707 84.0983 36.1931C83.8492 36.1931 83.6839 36.1931 83.5197 36.1931C71.6891 36.1931 59.8596 36.1931 48.029 36.1898C47.7604 36.1898 47.4802 36.1784 47.2231 36.1072C46.4321 35.89 45.9281 35.131 46.0096 34.3291C46.0922 33.5181 46.7696 32.8688 47.6008 32.8112C47.7581 32.7998 47.9153 32.8066 48.0738 32.8066C59.8757 32.8066 71.6764 32.8066 83.4784 32.8066L84.0994 32.8066C83.9353 32.6358 83.8297 32.5205 83.7171 32.4096C81.8608 30.5874 80.0044 28.7641 78.1445 26.9441C77.6394 26.451 77.4695 25.8628 77.6658 25.2011C77.8529 24.57 78.3087 24.173 78.9642 24.0372C79.606 23.9049 80.141 24.1243 80.5991 24.5734C82.6782 26.615 84.7619 28.6532 86.8444 30.6926C87.6159 31.4493 88.4058 32.1879 89.1497 32.9706C89.4826 33.3213 89.7214 33.7602 90.0038 34.1594L90.0038 34.837L90.0004 34.8381Z\" fill=\"#DAAC3F\"><\/path><\/g><defs><lineargradient id=\"paint0_linear_1162_372\" x1=\"34\" y1=\"60.5\" x2=\"186.842\" y2=\"484.752\" gradientunits=\"userSpaceOnUse\"><stop stop-color=\"#DAAC3F\" stop-opacity=\"0\"><\/stop><stop offset=\"1\" stop-color=\"#DAAC3F\"><\/stop><\/lineargradient><clippath id=\"clip0_1162_372\"><rect width=\"21\" height=\"44\" fill=\"white\" transform=\"translate(46 45) rotate(-90)\"><\/rect><\/clippath><\/defs><\/svg>\t\t\t\t<\/span>\n\t\t\t<\/div>\n\t\t\t\n\t\t\t\t\t\t<div class=\"elementor-icon-box-content\">\n\n\t\t\t\t\t\t\t\t\t<h4 class=\"elementor-icon-box-title\">\n\t\t\t\t\t\t<span  >\n\t\t\t\t\t\t\tIndustry Offerings\t\t\t\t\t\t<\/span>\n\t\t\t\t\t<\/h4>\n\t\t\t\t\n\t\t\t\t\n\t\t\t<\/div>\n\t\t\t\n\t\t<\/div>\n\t\t\t\t\t\t<\/div>\n\t\t\t\t<\/div>\n\t\t\t\t<div class=\"elementor-element elementor-element-0dedc57 elementor-widget__width-initial elementor-widget elementor-widget-image\" data-id=\"0dedc57\" data-element_type=\"widget\" data-e-type=\"widget\" data-widget_type=\"image.default\">\n\t\t\t\t<div class=\"elementor-widget-container\">\n\t\t\t\t\t\t\t\t\t\t\t\t\t\t\t<img decoding=\"async\" width=\"1\" height=\"1\" src=\"https:\/\/www.stitcloud.com\/wp-content\/uploads\/2023\/04\/Group-536.svg\" class=\"attachment-large size-large wp-image-916\" alt=\"\" \/>\t\t\t\t\t\t\t\t\t\t\t\t\t\t\t<\/div>\n\t\t\t\t<\/div>\n\t\t\t\t<\/div>\n\t\t\t\t<\/div>\n\t\t\t\t<\/div>","protected":false},"excerpt":{"rendered":"<p>IoT &#8211; Internet of Things Inova\u00e7\u00e3o e efici\u00eancia em tempo real, o futuro \u00e9 agora IoT &#8211; Conectando o mundo real a era digital FALE COM NOSSO ESPECIALISTA Otimize seus processos e reduza custos com a tecnologia IoT IoT &#8211; Internet of Things Desbloqueie o potencial da sua empresa com a revolucion\u00e1ria tecnologia de Internet [&hellip;]<\/p>","protected":false},"author":2,"featured_media":2016,"parent":0,"menu_order":0,"comment_status":"closed","ping_status":"closed","template":"","meta":{"footnotes":""},"class_list":["post-871","page","type-page","status-publish","has-post-thumbnail","hentry"],"yoast_head":"<!-- This site is optimized with the Yoast SEO Premium plugin v27.3 (Yoast SEO v27.3) - https:\/\/yoast.com\/product\/yoast-seo-premium-wordpress\/ -->\n<title>ST IT Cloud - IoT - Internet of Things<\/title>\n<meta name=\"description\" content=\"Transforme sua opera\u00e7\u00e3o com solu\u00e7\u00f5es IoT inovadoras, conectando dispositivos e otimizando processos para maior efici\u00eancia.\" \/>\n<meta name=\"robots\" content=\"index, follow, max-snippet:-1, max-image-preview:large, max-video-preview:-1\" \/>\n<link rel=\"canonical\" href=\"https:\/\/www.stitcloud.com\/en\/internet-of-things\/\" \/>\n<meta property=\"og:locale\" content=\"en_US\" \/>\n<meta property=\"og:type\" content=\"article\" \/>\n<meta property=\"og:title\" content=\"ST IT Cloud - IoT - Internet of Things\" \/>\n<meta property=\"og:description\" content=\"Internet of Things - Inova\u00e7\u00e3o e efici\u00eancia em tempo real o futuro \u00e9 agora. Fale conosco e solicite uma proposta.\" \/>\n<meta property=\"og:url\" content=\"https:\/\/www.stitcloud.com\/en\/internet-of-things\/\" \/>\n<meta property=\"og:site_name\" content=\"ST IT Cloud\" \/>\n<meta property=\"article:modified_time\" content=\"2024-12-06T18:21:01+00:00\" \/>\n<meta property=\"og:image\" content=\"https:\/\/www.stitcloud.com\/wp-content\/uploads\/2023\/05\/bg-iot.webp\" \/>\n\t<meta property=\"og:image:width\" content=\"1920\" \/>\n\t<meta property=\"og:image:height\" content=\"889\" \/>\n\t<meta property=\"og:image:type\" content=\"image\/webp\" \/>\n<meta name=\"twitter:card\" content=\"summary_large_image\" \/>\n<meta name=\"twitter:description\" content=\"Internet of Things - Inova\u00e7\u00e3o e efici\u00eancia em tempo real o futuro \u00e9 agora. Fale conosco e solicite uma proposta.\" \/>\n<meta name=\"twitter:label1\" content=\"Est. reading time\" \/>\n\t<meta name=\"twitter:data1\" content=\"2 minutes\" \/>\n<script type=\"application\/ld+json\" class=\"yoast-schema-graph\">{\"@context\":\"https:\\\/\\\/schema.org\",\"@graph\":[{\"@type\":\"WebPage\",\"@id\":\"https:\\\/\\\/www.stitcloud.com\\\/internet-of-things\\\/\",\"url\":\"https:\\\/\\\/www.stitcloud.com\\\/internet-of-things\\\/\",\"name\":\"ST IT Cloud - IoT - Internet of Things\",\"isPartOf\":{\"@id\":\"https:\\\/\\\/www.stitcloud.com\\\/#website\"},\"primaryImageOfPage\":{\"@id\":\"https:\\\/\\\/www.stitcloud.com\\\/internet-of-things\\\/#primaryimage\"},\"image\":{\"@id\":\"https:\\\/\\\/www.stitcloud.com\\\/internet-of-things\\\/#primaryimage\"},\"thumbnailUrl\":\"https:\\\/\\\/www.stitcloud.com\\\/wp-content\\\/uploads\\\/2023\\\/05\\\/bg-iot.webp\",\"datePublished\":\"2023-04-26T15:25:47+00:00\",\"dateModified\":\"2024-12-06T18:21:01+00:00\",\"description\":\"Transforme sua opera\u00e7\u00e3o com solu\u00e7\u00f5es IoT inovadoras, conectando dispositivos e otimizando processos para maior efici\u00eancia.\",\"breadcrumb\":{\"@id\":\"https:\\\/\\\/www.stitcloud.com\\\/internet-of-things\\\/#breadcrumb\"},\"inLanguage\":\"en-US\",\"potentialAction\":[{\"@type\":\"ReadAction\",\"target\":[\"https:\\\/\\\/www.stitcloud.com\\\/internet-of-things\\\/\"]}]},{\"@type\":\"ImageObject\",\"inLanguage\":\"en-US\",\"@id\":\"https:\\\/\\\/www.stitcloud.com\\\/internet-of-things\\\/#primaryimage\",\"url\":\"https:\\\/\\\/www.stitcloud.com\\\/wp-content\\\/uploads\\\/2023\\\/05\\\/bg-iot.webp\",\"contentUrl\":\"https:\\\/\\\/www.stitcloud.com\\\/wp-content\\\/uploads\\\/2023\\\/05\\\/bg-iot.webp\",\"width\":1920,\"height\":889,\"caption\":\"IoT - Internet of Things\"},{\"@type\":\"BreadcrumbList\",\"@id\":\"https:\\\/\\\/www.stitcloud.com\\\/internet-of-things\\\/#breadcrumb\",\"itemListElement\":[{\"@type\":\"ListItem\",\"position\":1,\"name\":\"In\u00edcio\",\"item\":\"https:\\\/\\\/www.stitcloud.com\\\/\"},{\"@type\":\"ListItem\",\"position\":2,\"name\":\"IoT &#8211; Internet of Things\"}]},{\"@type\":\"WebSite\",\"@id\":\"https:\\\/\\\/www.stitcloud.com\\\/#website\",\"url\":\"https:\\\/\\\/www.stitcloud.com\\\/\",\"name\":\"ST IT Cloud\",\"description\":\"Especialistas em Data Analytics, IA e Machine Learning\",\"publisher\":{\"@id\":\"https:\\\/\\\/www.stitcloud.com\\\/#organization\"},\"potentialAction\":[{\"@type\":\"SearchAction\",\"target\":{\"@type\":\"EntryPoint\",\"urlTemplate\":\"https:\\\/\\\/www.stitcloud.com\\\/?s={search_term_string}\"},\"query-input\":{\"@type\":\"PropertyValueSpecification\",\"valueRequired\":true,\"valueName\":\"search_term_string\"}}],\"inLanguage\":\"en-US\"},{\"@type\":\"Organization\",\"@id\":\"https:\\\/\\\/www.stitcloud.com\\\/#organization\",\"name\":\"ST IT Cloud\",\"url\":\"https:\\\/\\\/www.stitcloud.com\\\/\",\"logo\":{\"@type\":\"ImageObject\",\"inLanguage\":\"en-US\",\"@id\":\"https:\\\/\\\/www.stitcloud.com\\\/#\\\/schema\\\/logo\\\/image\\\/\",\"url\":\"https:\\\/\\\/www.stitcloud.com\\\/wp-content\\\/uploads\\\/2024\\\/02\\\/logo-ST-IT-CLOUD.svg\",\"contentUrl\":\"https:\\\/\\\/www.stitcloud.com\\\/wp-content\\\/uploads\\\/2024\\\/02\\\/logo-ST-IT-CLOUD.svg\",\"width\":70,\"height\":79,\"caption\":\"ST IT Cloud\"},\"image\":{\"@id\":\"https:\\\/\\\/www.stitcloud.com\\\/#\\\/schema\\\/logo\\\/image\\\/\"}}]}<\/script>\n<!-- \/ Yoast SEO Premium plugin. -->","yoast_head_json":{"title":"ST IT Cloud - IoT - Internet of Things","description":"Transforme sua opera\u00e7\u00e3o com solu\u00e7\u00f5es IoT inovadoras, conectando dispositivos e otimizando processos para maior efici\u00eancia.","robots":{"index":"index","follow":"follow","max-snippet":"max-snippet:-1","max-image-preview":"max-image-preview:large","max-video-preview":"max-video-preview:-1"},"canonical":"https:\/\/www.stitcloud.com\/en\/internet-of-things\/","og_locale":"en_US","og_type":"article","og_title":"ST IT Cloud - IoT - Internet of Things","og_description":"Internet of Things - Inova\u00e7\u00e3o e efici\u00eancia em tempo real o futuro \u00e9 agora. Fale conosco e solicite uma proposta.","og_url":"https:\/\/www.stitcloud.com\/en\/internet-of-things\/","og_site_name":"ST IT Cloud","article_modified_time":"2024-12-06T18:21:01+00:00","og_image":[{"width":1920,"height":889,"url":"https:\/\/www.stitcloud.com\/wp-content\/uploads\/2023\/05\/bg-iot.webp","type":"image\/webp"}],"twitter_card":"summary_large_image","twitter_description":"Internet of Things - Inova\u00e7\u00e3o e efici\u00eancia em tempo real o futuro \u00e9 agora. Fale conosco e solicite uma proposta.","twitter_misc":{"Est. reading time":"2 minutes"},"schema":{"@context":"https:\/\/schema.org","@graph":[{"@type":"WebPage","@id":"https:\/\/www.stitcloud.com\/internet-of-things\/","url":"https:\/\/www.stitcloud.com\/internet-of-things\/","name":"ST IT Cloud - IoT - Internet of Things","isPartOf":{"@id":"https:\/\/www.stitcloud.com\/#website"},"primaryImageOfPage":{"@id":"https:\/\/www.stitcloud.com\/internet-of-things\/#primaryimage"},"image":{"@id":"https:\/\/www.stitcloud.com\/internet-of-things\/#primaryimage"},"thumbnailUrl":"https:\/\/www.stitcloud.com\/wp-content\/uploads\/2023\/05\/bg-iot.webp","datePublished":"2023-04-26T15:25:47+00:00","dateModified":"2024-12-06T18:21:01+00:00","description":"Transforme sua opera\u00e7\u00e3o com solu\u00e7\u00f5es IoT inovadoras, conectando dispositivos e otimizando processos para maior efici\u00eancia.","breadcrumb":{"@id":"https:\/\/www.stitcloud.com\/internet-of-things\/#breadcrumb"},"inLanguage":"en-US","potentialAction":[{"@type":"ReadAction","target":["https:\/\/www.stitcloud.com\/internet-of-things\/"]}]},{"@type":"ImageObject","inLanguage":"en-US","@id":"https:\/\/www.stitcloud.com\/internet-of-things\/#primaryimage","url":"https:\/\/www.stitcloud.com\/wp-content\/uploads\/2023\/05\/bg-iot.webp","contentUrl":"https:\/\/www.stitcloud.com\/wp-content\/uploads\/2023\/05\/bg-iot.webp","width":1920,"height":889,"caption":"IoT - Internet of Things"},{"@type":"BreadcrumbList","@id":"https:\/\/www.stitcloud.com\/internet-of-things\/#breadcrumb","itemListElement":[{"@type":"ListItem","position":1,"name":"In\u00edcio","item":"https:\/\/www.stitcloud.com\/"},{"@type":"ListItem","position":2,"name":"IoT &#8211; Internet of Things"}]},{"@type":"WebSite","@id":"https:\/\/www.stitcloud.com\/#website","url":"https:\/\/www.stitcloud.com\/","name":"ST IT Cloud","description":"Especialistas em Data Analytics, IA e Machine Learning","publisher":{"@id":"https:\/\/www.stitcloud.com\/#organization"},"potentialAction":[{"@type":"SearchAction","target":{"@type":"EntryPoint","urlTemplate":"https:\/\/www.stitcloud.com\/?s={search_term_string}"},"query-input":{"@type":"PropertyValueSpecification","valueRequired":true,"valueName":"search_term_string"}}],"inLanguage":"en-US"},{"@type":"Organization","@id":"https:\/\/www.stitcloud.com\/#organization","name":"ST IT Cloud","url":"https:\/\/www.stitcloud.com\/","logo":{"@type":"ImageObject","inLanguage":"en-US","@id":"https:\/\/www.stitcloud.com\/#\/schema\/logo\/image\/","url":"https:\/\/www.stitcloud.com\/wp-content\/uploads\/2024\/02\/logo-ST-IT-CLOUD.svg","contentUrl":"https:\/\/www.stitcloud.com\/wp-content\/uploads\/2024\/02\/logo-ST-IT-CLOUD.svg","width":70,"height":79,"caption":"ST IT Cloud"},"image":{"@id":"https:\/\/www.stitcloud.com\/#\/schema\/logo\/image\/"}}]}},"_links":{"self":[{"href":"https:\/\/www.stitcloud.com\/en\/wp-json\/wp\/v2\/pages\/871","targetHints":{"allow":["GET"]}}],"collection":[{"href":"https:\/\/www.stitcloud.com\/en\/wp-json\/wp\/v2\/pages"}],"about":[{"href":"https:\/\/www.stitcloud.com\/en\/wp-json\/wp\/v2\/types\/page"}],"author":[{"embeddable":true,"href":"https:\/\/www.stitcloud.com\/en\/wp-json\/wp\/v2\/users\/2"}],"replies":[{"embeddable":true,"href":"https:\/\/www.stitcloud.com\/en\/wp-json\/wp\/v2\/comments?post=871"}],"version-history":[{"count":0,"href":"https:\/\/www.stitcloud.com\/en\/wp-json\/wp\/v2\/pages\/871\/revisions"}],"wp:featuredmedia":[{"embeddable":true,"href":"https:\/\/www.stitcloud.com\/en\/wp-json\/wp\/v2\/media\/2016"}],"wp:attachment":[{"href":"https:\/\/www.stitcloud.com\/en\/wp-json\/wp\/v2\/media?parent=871"}],"curies":[{"name":"wp","href":"https:\/\/api.w.org\/{rel}","templated":true}]}}