{"id":397,"date":"2023-04-19T18:20:19","date_gmt":"2023-04-19T18:20:19","guid":{"rendered":"http:\/\/34.205.111.85\/?page_id=397"},"modified":"2025-07-06T14:30:57","modified_gmt":"2025-07-06T14:30:57","slug":"politica-de-privacidade","status":"publish","type":"page","link":"https:\/\/www.stitcloud.com\/es\/politica-de-privacidade\/","title":{"rendered":"Pol\u00edtica de privacidad"},"content":{"rendered":"<div data-elementor-type=\"wp-page\" data-elementor-id=\"397\" class=\"elementor elementor-397\" data-elementor-post-type=\"page\">\n\t\t\t\t<div class=\"elementor-element elementor-element-7eee5bc e-con-full e-flex e-con e-parent\" data-id=\"7eee5bc\" data-element_type=\"container\" data-e-type=\"container\" data-settings=\"{&quot;background_background&quot;:&quot;classic&quot;}\">\n\t\t\t\t<div class=\"elementor-element elementor-element-06e5f02 elementor-widget__width-initial elementor-invisible elementor-widget elementor-widget-heading\" data-id=\"06e5f02\" data-element_type=\"widget\" data-e-type=\"widget\" data-settings=\"{&quot;_animation&quot;:&quot;fadeIn&quot;,&quot;_animation_delay&quot;:200}\" data-widget_type=\"heading.default\">\n\t\t\t\t<div class=\"elementor-widget-container\">\n\t\t\t\t\t<h1 class=\"elementor-heading-title elementor-size-default\">Pol\u00edtica de privacidad de ST IT Cloud<\/h1>\t\t\t\t<\/div>\n\t\t\t\t<\/div>\n\t\t\t\t<\/div>\n\t\t<div class=\"elementor-element elementor-element-3147fb6 e-con-full e-flex e-con e-parent\" data-id=\"3147fb6\" data-element_type=\"container\" data-e-type=\"container\" data-settings=\"{&quot;background_background&quot;:&quot;classic&quot;}\">\n\t\t\t\t<div class=\"elementor-element elementor-element-b1246b2 elementor-widget elementor-widget-text-editor\" data-id=\"b1246b2\" data-element_type=\"widget\" data-e-type=\"widget\" data-widget_type=\"text-editor.default\">\n\t\t\t\t<div class=\"elementor-widget-container\">\n\t\t\t\t\t\t\t\t\t<p>ST IT Cloud es una empresa que siempre ha trabajado con datos, por lo que estamos comprometidos a proteger su privacidad y garantizar que est\u00e9 seguro cuando utilice nuestro sitio web y acceda a nuestro contenido en las redes sociales y las comunicaciones de marketing.<\/p><p>La pol\u00edtica de privacidad se aplica a los empleados, proveedores de servicios, clientes, socios comerciales y todos los que utilizan nuestro sitio web, aplicaciones, redes sociales o cualquier servicio que pueda, en alg\u00fan momento, tener acceso a datos personales. Su informaci\u00f3n no se vender\u00e1, intercambiar\u00e1 ni transferir\u00e1 a ninguna otra empresa, por ning\u00fan motivo, sin su consentimiento.<\/p><p>ST IT Cloud est\u00e1 comprometido con la privacidad de todos, por lo que hemos desarrollado una pol\u00edtica que establece c\u00f3mo obtenemos, usamos, divulgamos, transferimos y almacenamos datos personales.<\/p><p>Los datos personales son cualquier informaci\u00f3n que pueda identificarlo directa o indirectamente, como datos de registro, preferencias, datos sobre el uso de servicios vinculados a usted.<\/p><p>ST IT Cloud y sus socios pueden compartir esta informaci\u00f3n personal y utilizarla de acuerdo con esta Pol\u00edtica de privacidad, es decir, dentro del l\u00edmite de lo estrictamente necesario. Si el tercero en cuesti\u00f3n es un organismo o entidad p\u00fablica oficial, autoridad reguladora, policial o gubernamental, que solicita informaci\u00f3n leg\u00edtimamente en el marco de inspecciones, auditor\u00edas, procesos o procedimientos legales regulares y que constituyen obligaciones legales vinculantes para ST IT Cloud, o cuando sea necesario para proteger los derechos de ST IT Cloud, de los clientes y socios o de terceros, o cuando exista consentimiento expreso.<\/p><p>ST IT Cloud puede, junto con sus socios, combinar informaci\u00f3n personal con otra informaci\u00f3n para proporcionar y mejorar nuestros productos, servicios y contenido, y tambi\u00e9n obtendremos informaci\u00f3n no personal, aquellos datos que no permiten la asociaci\u00f3n directa con ninguna persona espec\u00edfica, usar, transferir y divulgar dicha informaci\u00f3n no personal para cualquier prop\u00f3sito.<br \/>En cumplimiento de las buenas pr\u00e1cticas y las normas anticorrupci\u00f3n, ST IT Cloud tambi\u00e9n puede obtener sus datos personales de otras fuentes, como en sitios web p\u00fablicos o a trav\u00e9s de proveedores de verificaci\u00f3n de antecedentes, en estricto cumplimiento de las leyes y normas de protecci\u00f3n de datos aplicables. servicios o ver contenido puesto a disposici\u00f3n por ST IT Cloud, podemos recopilar autom\u00e1ticamente informaci\u00f3n sobre el hardware y el software de su computadora. Esta informaci\u00f3n puede incluir: su direcci\u00f3n IP, tipo de navegador, nombres de dominio, proveedor de servicios de Internet (ISP), los archivos vistos en nuestro sitio web (por ejemplo, p\u00e1ginas HTML, im\u00e1genes, etc.), sistema operativo, flujo de clics, tiempo de acceso y direcciones de sitios web de referencia . Esta informaci\u00f3n es utilizada por ST IT Cloud para generar estad\u00edsticas generales sobre el uso de los Sitios. Para estos fines, vinculamos estos datos recopilados autom\u00e1ticamente a los Datos personales.<\/p><p>El sitio web, los servicios, los mensajes de correo electr\u00f3nico y el material publicitario de ST IT Cloud pueden usar cookies para comprender mejor el comportamiento de quienes acceden a nuestro contenido, como qu\u00e9 partes de nuestro sitio web han visitado las personas. En la medida en que la informaci\u00f3n no personal se combina con informaci\u00f3n personal, tratamos la informaci\u00f3n combinada como informaci\u00f3n personal para los fines de esta pol\u00edtica de privacidad, y no existe un dep\u00f3sito espec\u00edfico para almacenar esta informaci\u00f3n.<\/p><p>ST IT Cloud ha implementado las medidas de seguridad que considera adecuadas para proteger sus datos personales, en base a la tecnolog\u00eda actualmente disponible. Por lo tanto, para garantizar que su informaci\u00f3n est\u00e9 segura, comunicamos nuestras pautas de privacidad y seguridad a los empleados y proveedores de servicios de ST IT Cloud y seguimos estrictamente las medidas de precauci\u00f3n con respecto a la privacidad dentro de la empresa.<\/p><p>Si necesita asistencia adicional o ayuda para acceder, corregir, ocultar o eliminar su informaci\u00f3n personal, no dude en contactarnos por tel\u00e9fono o comercial@stitcloud.com. Cumpliremos con las solicitudes razonables con respecto al acceso, eliminaci\u00f3n, actualizaci\u00f3n, ocultaci\u00f3n o correcci\u00f3n de datos.<br \/>ST IT Cloud puede actualizar su Pol\u00edtica de privacidad peri\u00f3dicamente. Si hacemos alg\u00fan cambio en la pol\u00edtica en t\u00e9rminos materiales, publicaremos un aviso en nuestro sitio web junto con la Pol\u00edtica de privacidad actualizada.<br \/>Fecha de \u00faltima actualizaci\u00f3n\/revisi\u00f3n: 01\/2023<\/p>\t\t\t\t\t\t\t\t<\/div>\n\t\t\t\t<\/div>\n\t\t\t\t<\/div>\n\t\t\t\t<\/div>","protected":false},"excerpt":{"rendered":"<p>Pol\u00edtica de privacidad ST IT Cloud ST IT Cloud es una empresa basada en datos, por lo que estamos comprometidos a proteger su privacidad y garantizar que est\u00e9 seguro cuando utilice nuestro sitio web y acceda a nuestro contenido en las redes sociales y comunicaciones de marketing. La pol\u00edtica de privacidad se aplica a empleados, proveedores [\u2026]<\/p>","protected":false},"author":2,"featured_media":0,"parent":0,"menu_order":0,"comment_status":"closed","ping_status":"closed","template":"","meta":{"footnotes":""},"class_list":["post-397","page","type-page","status-publish","hentry"],"yoast_head":"<!-- This site is optimized with the Yoast SEO Premium plugin v27.4 (Yoast SEO v27.4) - https:\/\/yoast.com\/product\/yoast-seo-premium-wordpress\/ -->\n<title>Pol\u00edtica de privacidade - ST IT Cloud<\/title>\n<meta name=\"description\" content=\"Leia nossa pol\u00edtica de privacidade para entender como coletamos, usamos e protegemos seus dados. Sua seguran\u00e7a \u00e9 nossa prioridade.\" \/>\n<meta name=\"robots\" content=\"index, follow, max-snippet:-1, max-image-preview:large, max-video-preview:-1\" \/>\n<link rel=\"canonical\" href=\"https:\/\/www.stitcloud.com\/es\/politica-de-privacidade\/\" \/>\n<meta property=\"og:locale\" content=\"es_ES\" \/>\n<meta property=\"og:type\" content=\"article\" \/>\n<meta property=\"og:title\" content=\"Pol\u00edtica de privacidade - ST IT Cloud\" \/>\n<meta property=\"og:description\" content=\"Leia nossa pol\u00edtica de privacidade para entender como coletamos, usamos e protegemos seus dados. Sua seguran\u00e7a \u00e9 nossa prioridade.\" \/>\n<meta property=\"og:url\" content=\"https:\/\/www.stitcloud.com\/es\/politica-de-privacidade\/\" \/>\n<meta property=\"og:site_name\" content=\"ST IT Cloud\" \/>\n<meta property=\"article:modified_time\" content=\"2025-07-06T14:30:57+00:00\" \/>\n<meta name=\"twitter:card\" content=\"summary_large_image\" \/>\n<meta name=\"twitter:label1\" content=\"Tiempo de lectura\" \/>\n\t<meta name=\"twitter:data1\" content=\"4 minutos\" \/>\n<script type=\"application\/ld+json\" class=\"yoast-schema-graph\">{\"@context\":\"https:\\\/\\\/schema.org\",\"@graph\":[{\"@type\":\"WebPage\",\"@id\":\"https:\\\/\\\/www.stitcloud.com\\\/politica-de-privacidade\\\/\",\"url\":\"https:\\\/\\\/www.stitcloud.com\\\/politica-de-privacidade\\\/\",\"name\":\"Pol\u00edtica de privacidade - ST IT Cloud\",\"isPartOf\":{\"@id\":\"https:\\\/\\\/www.stitcloud.com\\\/#website\"},\"datePublished\":\"2023-04-19T18:20:19+00:00\",\"dateModified\":\"2025-07-06T14:30:57+00:00\",\"description\":\"Leia nossa pol\u00edtica de privacidade para entender como coletamos, usamos e protegemos seus dados. Sua seguran\u00e7a \u00e9 nossa prioridade.\",\"breadcrumb\":{\"@id\":\"https:\\\/\\\/www.stitcloud.com\\\/politica-de-privacidade\\\/#breadcrumb\"},\"inLanguage\":\"es\",\"potentialAction\":[{\"@type\":\"ReadAction\",\"target\":[\"https:\\\/\\\/www.stitcloud.com\\\/politica-de-privacidade\\\/\"]}]},{\"@type\":\"BreadcrumbList\",\"@id\":\"https:\\\/\\\/www.stitcloud.com\\\/politica-de-privacidade\\\/#breadcrumb\",\"itemListElement\":[{\"@type\":\"ListItem\",\"position\":1,\"name\":\"In\u00edcio\",\"item\":\"https:\\\/\\\/www.stitcloud.com\\\/\"},{\"@type\":\"ListItem\",\"position\":2,\"name\":\"Pol\u00edtica de privacidade\"}]},{\"@type\":\"WebSite\",\"@id\":\"https:\\\/\\\/www.stitcloud.com\\\/#website\",\"url\":\"https:\\\/\\\/www.stitcloud.com\\\/\",\"name\":\"ST IT Cloud\",\"description\":\"Especialistas em Data Analytics, IA e Machine Learning\",\"publisher\":{\"@id\":\"https:\\\/\\\/www.stitcloud.com\\\/#organization\"},\"potentialAction\":[{\"@type\":\"SearchAction\",\"target\":{\"@type\":\"EntryPoint\",\"urlTemplate\":\"https:\\\/\\\/www.stitcloud.com\\\/?s={search_term_string}\"},\"query-input\":{\"@type\":\"PropertyValueSpecification\",\"valueRequired\":true,\"valueName\":\"search_term_string\"}}],\"inLanguage\":\"es\"},{\"@type\":\"Organization\",\"@id\":\"https:\\\/\\\/www.stitcloud.com\\\/#organization\",\"name\":\"ST IT Cloud\",\"url\":\"https:\\\/\\\/www.stitcloud.com\\\/\",\"logo\":{\"@type\":\"ImageObject\",\"inLanguage\":\"es\",\"@id\":\"https:\\\/\\\/www.stitcloud.com\\\/#\\\/schema\\\/logo\\\/image\\\/\",\"url\":\"https:\\\/\\\/www.stitcloud.com\\\/wp-content\\\/uploads\\\/2024\\\/02\\\/logo-ST-IT-CLOUD.svg\",\"contentUrl\":\"https:\\\/\\\/www.stitcloud.com\\\/wp-content\\\/uploads\\\/2024\\\/02\\\/logo-ST-IT-CLOUD.svg\",\"width\":70,\"height\":79,\"caption\":\"ST IT Cloud\"},\"image\":{\"@id\":\"https:\\\/\\\/www.stitcloud.com\\\/#\\\/schema\\\/logo\\\/image\\\/\"}}]}<\/script>\n<!-- \/ Yoast SEO Premium plugin. -->","yoast_head_json":{"title":"Pol\u00edtica de privacidade - ST IT Cloud","description":"Leia nossa pol\u00edtica de privacidade para entender como coletamos, usamos e protegemos seus dados. Sua seguran\u00e7a \u00e9 nossa prioridade.","robots":{"index":"index","follow":"follow","max-snippet":"max-snippet:-1","max-image-preview":"max-image-preview:large","max-video-preview":"max-video-preview:-1"},"canonical":"https:\/\/www.stitcloud.com\/es\/politica-de-privacidade\/","og_locale":"es_ES","og_type":"article","og_title":"Pol\u00edtica de privacidade - ST IT Cloud","og_description":"Leia nossa pol\u00edtica de privacidade para entender como coletamos, usamos e protegemos seus dados. Sua seguran\u00e7a \u00e9 nossa prioridade.","og_url":"https:\/\/www.stitcloud.com\/es\/politica-de-privacidade\/","og_site_name":"ST IT Cloud","article_modified_time":"2025-07-06T14:30:57+00:00","twitter_card":"summary_large_image","twitter_misc":{"Tiempo de lectura":"4 minutos"},"schema":{"@context":"https:\/\/schema.org","@graph":[{"@type":"WebPage","@id":"https:\/\/www.stitcloud.com\/politica-de-privacidade\/","url":"https:\/\/www.stitcloud.com\/politica-de-privacidade\/","name":"Pol\u00edtica de privacidade - ST IT Cloud","isPartOf":{"@id":"https:\/\/www.stitcloud.com\/#website"},"datePublished":"2023-04-19T18:20:19+00:00","dateModified":"2025-07-06T14:30:57+00:00","description":"Leia nossa pol\u00edtica de privacidade para entender como coletamos, usamos e protegemos seus dados. Sua seguran\u00e7a \u00e9 nossa prioridade.","breadcrumb":{"@id":"https:\/\/www.stitcloud.com\/politica-de-privacidade\/#breadcrumb"},"inLanguage":"es","potentialAction":[{"@type":"ReadAction","target":["https:\/\/www.stitcloud.com\/politica-de-privacidade\/"]}]},{"@type":"BreadcrumbList","@id":"https:\/\/www.stitcloud.com\/politica-de-privacidade\/#breadcrumb","itemListElement":[{"@type":"ListItem","position":1,"name":"In\u00edcio","item":"https:\/\/www.stitcloud.com\/"},{"@type":"ListItem","position":2,"name":"Pol\u00edtica de privacidade"}]},{"@type":"WebSite","@id":"https:\/\/www.stitcloud.com\/#website","url":"https:\/\/www.stitcloud.com\/","name":"ST IT Cloud","description":"Especialistas em Data Analytics, IA e Machine Learning","publisher":{"@id":"https:\/\/www.stitcloud.com\/#organization"},"potentialAction":[{"@type":"SearchAction","target":{"@type":"EntryPoint","urlTemplate":"https:\/\/www.stitcloud.com\/?s={search_term_string}"},"query-input":{"@type":"PropertyValueSpecification","valueRequired":true,"valueName":"search_term_string"}}],"inLanguage":"es"},{"@type":"Organization","@id":"https:\/\/www.stitcloud.com\/#organization","name":"ST IT Cloud","url":"https:\/\/www.stitcloud.com\/","logo":{"@type":"ImageObject","inLanguage":"es","@id":"https:\/\/www.stitcloud.com\/#\/schema\/logo\/image\/","url":"https:\/\/www.stitcloud.com\/wp-content\/uploads\/2024\/02\/logo-ST-IT-CLOUD.svg","contentUrl":"https:\/\/www.stitcloud.com\/wp-content\/uploads\/2024\/02\/logo-ST-IT-CLOUD.svg","width":70,"height":79,"caption":"ST IT Cloud"},"image":{"@id":"https:\/\/www.stitcloud.com\/#\/schema\/logo\/image\/"}}]}},"_links":{"self":[{"href":"https:\/\/www.stitcloud.com\/es\/wp-json\/wp\/v2\/pages\/397","targetHints":{"allow":["GET"]}}],"collection":[{"href":"https:\/\/www.stitcloud.com\/es\/wp-json\/wp\/v2\/pages"}],"about":[{"href":"https:\/\/www.stitcloud.com\/es\/wp-json\/wp\/v2\/types\/page"}],"author":[{"embeddable":true,"href":"https:\/\/www.stitcloud.com\/es\/wp-json\/wp\/v2\/users\/2"}],"replies":[{"embeddable":true,"href":"https:\/\/www.stitcloud.com\/es\/wp-json\/wp\/v2\/comments?post=397"}],"version-history":[{"count":0,"href":"https:\/\/www.stitcloud.com\/es\/wp-json\/wp\/v2\/pages\/397\/revisions"}],"wp:attachment":[{"href":"https:\/\/www.stitcloud.com\/es\/wp-json\/wp\/v2\/media?parent=397"}],"curies":[{"name":"wp","href":"https:\/\/api.w.org\/{rel}","templated":true}]}}